{"id":3780,"date":"2025-04-24T08:15:54","date_gmt":"2025-04-24T08:15:54","guid":{"rendered":"https:\/\/agro-millo.hr\/izjava-o-pristupacnosti\/"},"modified":"2025-04-24T08:26:32","modified_gmt":"2025-04-24T08:26:32","slug":"izjava-o-pristupacnosti","status":"publish","type":"page","link":"https:\/\/agro-millo.hr\/it\/izjava-o-pristupacnosti\/","title":{"rendered":"Dichiarazione di accessibilit\u00e0"},"content":{"rendered":"<div class=\"fusion-fullwidth fullwidth-box fusion-builder-row-1 fusion-flex-container nonhundred-percent-fullwidth non-hundred-percent-height-scrolling\" style=\"--awb-border-radius-top-left:0px;--awb-border-radius-top-right:0px;--awb-border-radius-bottom-right:0px;--awb-border-radius-bottom-left:0px;--awb-flex-wrap:wrap;\" ><div class=\"fusion-builder-row fusion-row fusion-flex-align-items-flex-start fusion-flex-content-wrap\" style=\"max-width:1248px;margin-left: calc(-4% \/ 2 );margin-right: calc(-4% \/ 2 );\"><div class=\"fusion-layout-column fusion_builder_column fusion-builder-column-0 fusion_builder_column_1_6 1_6 fusion-flex-column\" style=\"--awb-bg-blend:overlay;--awb-bg-size:cover;--awb-width-large:16.666666666667%;--awb-margin-top-large:0px;--awb-spacing-right-large:11.52%;--awb-margin-bottom-large:20px;--awb-spacing-left-large:11.52%;--awb-width-medium:16.666666666667%;--awb-spacing-right-medium:11.52%;--awb-spacing-left-medium:11.52%;--awb-width-small:100%;--awb-spacing-right-small:1.92%;--awb-spacing-left-small:1.92%;\"><div class=\"fusion-column-wrapper fusion-flex-justify-content-flex-start fusion-content-layout-column\"><\/div><\/div><div class=\"fusion-layout-column fusion_builder_column fusion-builder-column-1 fusion_builder_column_2_3 2_3 fusion-flex-column\" style=\"--awb-bg-size:cover;--awb-width-large:66.666666666667%;--awb-margin-top-large:0px;--awb-spacing-right-large:2.88%;--awb-margin-bottom-large:0px;--awb-spacing-left-large:2.88%;--awb-width-medium:66.666666666667%;--awb-order-medium:0;--awb-spacing-right-medium:2.88%;--awb-spacing-left-medium:2.88%;--awb-width-small:100%;--awb-order-small:0;--awb-spacing-right-small:1.92%;--awb-spacing-left-small:1.92%;\"><div class=\"fusion-column-wrapper fusion-column-has-shadow fusion-flex-justify-content-flex-start fusion-content-layout-column\"><div class=\"fusion-title title fusion-title-1 fusion-sep-none fusion-title-text fusion-title-size-one\" style=\"--awb-margin-bottom:30px;--awb-margin-left:20px;--awb-margin-top-small:10px;--awb-margin-right-small:0px;--awb-margin-bottom-small:10px;--awb-margin-left-small:0px;--awb-font-size:24px;\"><h1 class=\"fusion-title-heading title-heading-left\" style=\"margin:0;text-transform:uppercase;font-size:1em;\">Dichiarazione di accessibilit\u00e0<\/h1><\/div><div class=\"fusion-text fusion-text-1\" style=\"--awb-content-alignment:justify;--awb-text-transform:none;--awb-margin-top:0px;\"><div class=\"fusion-column-wrapper fusion-flex-justify-content-flex-start fusion-content-layout-column\">\n<p>Ai sensi dell\u2019articolo 9 della Legge sull\u2019accessibilit\u00e0 dei siti web e delle soluzioni software per dispositivi mobili degli enti del settore pubblico (\u201cNarodne novine\u201d, n. 17\/19) e in conformit\u00e0 con le linee guida per garantire l\u2019accessibilit\u00e0 dei contenuti web sviluppate dalla Web Accessibility Initiative (WAI),<\/p>\n<p>Agro Millo<br \/>\n<span class=\"s1\">Baredine 16, 52460 Buje, Hrvatska<\/span><\/p>\n<p>emette la seguente<\/p>\n<p><strong>DICHIARAZIONE DI ACCESSIBILIT\u00c0<\/strong><\/p>\n<p>Agro Millo si impegna a rendere il proprio sito web accessibile, in conformit\u00e0 con la Legge sull\u2019accessibilit\u00e0 dei siti web e delle soluzioni software per dispositivi mobili degli enti del settore pubblico (Narodne novine, n. 17\/2019), con cui \u00e8 stata recepita la Direttiva (UE) 2016\/2102 del Parlamento Europeo e del Consiglio.<\/p>\n<p>Allo stesso tempo, Agro Millo si adopera per rendere il proprio sito web conforme alle linee guida per garantire l\u2019accessibilit\u00e0 dei contenuti web sviluppate dalla Web Accessibility Initiative (WAI).<\/p>\n<p>La presente Dichiarazione si applica al sito web: www.agro-millo.hr.<\/p>\n<p><strong>Grado di conformit\u00e0<\/strong><br \/>\nQuesto sito web \u00e8 parzialmente conforme alla Legge sull\u2019accessibilit\u00e0 dei siti web e delle soluzioni software per dispositivi mobili degli enti del settore pubblico (NN 17\/19), alla Direttiva (UE) 2016\/2102 del Parlamento Europeo e del Consiglio, nonch\u00e9 alle linee guida per garantire l\u2019accessibilit\u00e0 dei contenuti web sviluppate dalla Web Accessibility Initiative (WAI).<\/p>\n<p><strong>Contenuto non accessibile<\/strong><br \/>\nConformemente all\u2019articolo 8 della Legge sull\u2019accessibilit\u00e0 dei siti web e delle soluzioni software per dispositivi mobili degli enti del settore pubblico (NN 17\/19) e all\u2019articolo 5 della Direttiva (UE) 2016\/2012 del Parlamento Europeo e del Consiglio, cos\u00ec come alle linee guida per garantire l\u2019accessibilit\u00e0 dei contenuti web elaborate dalla Web Accessibility Initiative (WAI),<\/p>\n<p>l\u2019impresa Agro Millo ha effettuato una valutazione iniziale della conformit\u00e0 del proprio sito web ai requisiti di accessibilit\u00e0.<\/p>\n<p><strong>I difetti riscontrati sono i seguenti:<\/strong><\/p>\n<ul>\n<li>Il sito web non \u00e8 in minima parte conforme agli standard HTML5. A causa di limitazioni tecniche, non \u00e8 possibile ottenere una piena conformit\u00e0, tuttavia ci\u00f2 non impedisce l\u2019accesso e l\u2019utilizzo del sito indipendentemente dalle capacit\u00e0 dell\u2019utente.<\/li>\n<li>Alcune foto e\/o contenuti non testuali presenti sulle pagine web sono di carattere decorativo o utilizzati soltanto per scopi di design visivo, pertanto, ai sensi del punto 5.1.3.6. della norma europea EN 301 549 V2.1.2 (2018-08), disciplinata dall\u2019articolo 7, paragrafo 1, della Legge sull\u2019accessibilit\u00e0, non dispongono (n\u00e9 sono obbligati a disporre) di un testo alternativo.<\/li>\n<li>Parte dei testi non \u00e8 allineata a sinistra.<\/li>\n<li>Nel sito sono presenti documenti PDF in formato immagine che non possono essere scaricati sul computer n\u00e9 letti tramite screen reader.<\/li>\n<li>Gli elementi interattivi incorporati, come lo slider sulla pagina iniziale o il lettore di documenti\/cataloghi in PDF, non consentono la navigazione e il controllo mediante ausili usati da persone con difficolt\u00e0, n\u00e9 viene offerta un\u2019alternativa.<\/li>\n<li>Testi sotto forma di file immagine sono utilizzati in alcune sezioni dinamiche del sito (slider, passaggi del mouse e animazioni).<\/li>\n<li>Alcuni elementi che non sono costantemente visibili non si aprono e chiudono con il clic del mouse, ma solo quando il cursore passa sopra il pulsante.<\/li>\n<\/ul>\n<p>Agro Millo sta lavorando per risolvere le discrepanze sopra menzionate e si adoperer\u00e0 per eliminarle nel pi\u00f9 breve tempo possibile.<\/p>\n<p><strong>Redazione della presente dichiarazione di accessibilit\u00e0<\/strong><\/p>\n<p>In qualit\u00e0 di ente del settore pubblico, Agro Millo si impegna a rendere il sito web www.agro-millo.hr accessibile in conformit\u00e0 con la Legge sull\u2019accessibilit\u00e0 dei siti web e delle soluzioni software per dispositivi mobili degli enti del settore pubblico della Repubblica di Croazia (NN 17\/19) del 23 settembre 2019, con cui \u00e8 stata recepita nell\u2019ordinamento giuridico nazionale la Direttiva (UE) 2016\/2102 del Parlamento Europeo e del Consiglio sull\u2019accessibilit\u00e0 dei siti web e delle applicazioni mobili degli enti del settore pubblico.<\/p>\n<p>Agro Millo adotter\u00e0 misure correttive per risolvere, nella massima misura possibile, i problemi legati all\u2019accessibilit\u00e0 dei contenuti del proprio sito web.<\/p>\n<p>I problemi di contrasto e di modifica delle dimensioni del font sono stati risolti installando il plugin \u201cWP Accessibility Tools\u201d \u2013 uno strumento per l\u2019accessibilit\u00e0 attivabile passando il cursore nell\u2019angolo in alto a destra del sito.<\/p>\n<p>La presente Dichiarazione \u00e8 stata redatta il 1\u00b0 luglio 2024, secondo il modello di dichiarazione di accessibilit\u00e0 conforme alla Direttiva (UE) 2016\/2102 del Parlamento Europeo e del Consiglio sull\u2019accessibilit\u00e0 dei siti web e delle applicazioni mobili degli enti del settore pubblico, stabilito dalla Decisione di esecuzione (UE) 2018\/1523 della Commissione dell\u201911 ottobre 2018.<\/p>\n<p>Per la stesura di questa Dichiarazione \u00e8 stata utilizzata la metodologia di autovalutazione effettuata dall\u2019ente del settore pubblico, nonch\u00e9 i metodi di test dell\u2019accessibilit\u00e0 attraverso gli strumenti WAVE Web Accessibility Evaluation Tool e WAVE Web Accessibility Evaluation Tool.<\/p>\n<p><strong>Feedback e dati di contatto<\/strong><br \/>\nPresentando una richiesta, \u00e8 possibile ricevere un feedback e\/o segnalare eventuali irregolarit\u00e0 ai sensi della Legge sull\u2019accessibilit\u00e0 dei siti web e delle soluzioni software per dispositivi mobili degli enti del settore pubblico (NN 17\/19) e della Direttiva (UE) 2016\/2012 del Parlamento Europeo e del Consiglio. La richiesta pu\u00f2 essere inviata in forma scritta all\u2019impresa Agro Millo ai seguenti recapiti:<\/p>\n<p>Indirizzo:<br \/>\n<span class=\"s1\">Baredine 16, 52460 Buje, Hrvatska<\/span><\/p>\n<p><strong>Procedura di monitoraggio dell\u2019applicazione delle normative<\/strong><br \/>\nIl controllo sull\u2019applicazione della Legge sull\u2019accessibilit\u00e0 dei siti web e delle soluzioni software per dispositivi mobili degli enti del settore pubblico (NN 17\/19) \u00e8 affidato al Garante per l\u2019Informazione della Repubblica di Croazia.<\/p>\n<p>Il controllo ispettivo sull\u2019applicazione della Legge sull\u2019accessibilit\u00e0 dei siti web e delle soluzioni software per dispositivi mobili degli enti del settore pubblico (NN 17\/19) \u00e8 svolto dagli ispettori e da altri funzionari autorizzati dell\u2019Ufficio del Garante.<\/p>\n<p>Per il controllo si applicano le disposizioni della Legge sul diritto di accesso alle informazioni (NN 25\/13 e 85\/15).<\/p>\n<p>In caso di risposte insoddisfacenti alla notifica o alla richiesta di feedback in merito all\u2019accessibilit\u00e0 di questo sito web, gli utenti possono rivolgersi al Garante per l\u2019Informazione:<\/p>\n<p>Telefono: +38552774256<br \/>\nPosta: <span class=\"s1\">Baredine 16, 52460 Buje, Hrvatska<\/span><br \/>\nPosta elettronica: <a href=\"mailto:info@agro-millo.hr\">info@agro-millo.hr<\/a><\/p>\n<\/div>\n<\/div><\/div><\/div><div class=\"fusion-layout-column fusion_builder_column fusion-builder-column-2 fusion_builder_column_1_6 1_6 fusion-flex-column\" style=\"--awb-bg-blend:overlay;--awb-bg-size:cover;--awb-width-large:16.666666666667%;--awb-margin-top-large:0px;--awb-spacing-right-large:11.52%;--awb-margin-bottom-large:20px;--awb-spacing-left-large:11.52%;--awb-width-medium:16.666666666667%;--awb-spacing-right-medium:11.52%;--awb-spacing-left-medium:11.52%;--awb-width-small:100%;--awb-spacing-right-small:1.92%;--awb-spacing-left-small:1.92%;\"><div class=\"fusion-column-wrapper fusion-flex-justify-content-flex-start fusion-content-layout-column\"><\/div><\/div><\/div><\/div>\n","protected":false},"excerpt":{"rendered":"","protected":false},"author":1,"featured_media":0,"parent":0,"menu_order":0,"comment_status":"closed","ping_status":"closed","template":"","meta":{"_acf_changed":false,"footnotes":""},"class_list":["post-3780","page","type-page","status-publish","hentry"],"acf":[],"yoast_head":"<!-- This site is optimized with the Yoast SEO plugin v27.3 - https:\/\/yoast.com\/product\/yoast-seo-wordpress\/ -->\n<title>Dichiarazione di accessibilit\u00e0 - Agro Millo<\/title>\n<meta name=\"robots\" content=\"index, follow, max-snippet:-1, max-image-preview:large, max-video-preview:-1\" \/>\n<link rel=\"canonical\" href=\"https:\/\/agro-millo.hr\/it\/izjava-o-pristupacnosti\/\" \/>\n<meta property=\"og:locale\" content=\"it_IT\" \/>\n<meta property=\"og:type\" content=\"article\" \/>\n<meta property=\"og:title\" content=\"Dichiarazione di accessibilit\u00e0 - Agro Millo\" \/>\n<meta property=\"og:url\" content=\"https:\/\/agro-millo.hr\/it\/izjava-o-pristupacnosti\/\" \/>\n<meta property=\"og:site_name\" content=\"Agro Millo\" \/>\n<meta property=\"article:publisher\" content=\"https:\/\/www.facebook.com\/agromillo\/\" \/>\n<meta property=\"article:modified_time\" content=\"2025-04-24T08:26:32+00:00\" \/>\n<meta name=\"twitter:card\" content=\"summary_large_image\" \/>\n<meta name=\"twitter:site\" content=\"@agromillo\" \/>\n<meta name=\"twitter:label1\" content=\"Tempo di lettura stimato\" \/>\n\t<meta name=\"twitter:data1\" content=\"4 minuti\" \/>\n<script type=\"application\/ld+json\" class=\"yoast-schema-graph\">{\"@context\":\"https:\\\/\\\/schema.org\",\"@graph\":[{\"@type\":\"WebPage\",\"@id\":\"https:\\\/\\\/agro-millo.hr\\\/it\\\/izjava-o-pristupacnosti\\\/\",\"url\":\"https:\\\/\\\/agro-millo.hr\\\/it\\\/izjava-o-pristupacnosti\\\/\",\"name\":\"Dichiarazione di accessibilit\u00e0 - Agro Millo\",\"isPartOf\":{\"@id\":\"https:\\\/\\\/agro-millo.hr\\\/#website\"},\"datePublished\":\"2025-04-24T08:15:54+00:00\",\"dateModified\":\"2025-04-24T08:26:32+00:00\",\"breadcrumb\":{\"@id\":\"https:\\\/\\\/agro-millo.hr\\\/it\\\/izjava-o-pristupacnosti\\\/#breadcrumb\"},\"inLanguage\":\"it-IT\",\"potentialAction\":[{\"@type\":\"ReadAction\",\"target\":[\"https:\\\/\\\/agro-millo.hr\\\/it\\\/izjava-o-pristupacnosti\\\/\"]}]},{\"@type\":\"BreadcrumbList\",\"@id\":\"https:\\\/\\\/agro-millo.hr\\\/it\\\/izjava-o-pristupacnosti\\\/#breadcrumb\",\"itemListElement\":[{\"@type\":\"ListItem\",\"position\":1,\"name\":\"Home\",\"item\":\"https:\\\/\\\/agro-millo.hr\\\/it\\\/\"},{\"@type\":\"ListItem\",\"position\":2,\"name\":\"Dichiarazione di accessibilit\u00e0\"}]},{\"@type\":\"WebSite\",\"@id\":\"https:\\\/\\\/agro-millo.hr\\\/#website\",\"url\":\"https:\\\/\\\/agro-millo.hr\\\/\",\"name\":\"Agro Millo\",\"description\":\"Extra Virgin Olive Oil\",\"publisher\":{\"@id\":\"https:\\\/\\\/agro-millo.hr\\\/#organization\"},\"potentialAction\":[{\"@type\":\"SearchAction\",\"target\":{\"@type\":\"EntryPoint\",\"urlTemplate\":\"https:\\\/\\\/agro-millo.hr\\\/?s={search_term_string}\"},\"query-input\":{\"@type\":\"PropertyValueSpecification\",\"valueRequired\":true,\"valueName\":\"search_term_string\"}}],\"inLanguage\":\"it-IT\"},{\"@type\":\"Organization\",\"@id\":\"https:\\\/\\\/agro-millo.hr\\\/#organization\",\"name\":\"Agro Millo\",\"url\":\"https:\\\/\\\/agro-millo.hr\\\/\",\"logo\":{\"@type\":\"ImageObject\",\"inLanguage\":\"it-IT\",\"@id\":\"https:\\\/\\\/agro-millo.hr\\\/#\\\/schema\\\/logo\\\/image\\\/\",\"url\":\"https:\\\/\\\/agro-millo.hr\\\/wp-content\\\/uploads\\\/2022\\\/05\\\/AG-LOGO-W-300-1.png\",\"contentUrl\":\"https:\\\/\\\/agro-millo.hr\\\/wp-content\\\/uploads\\\/2022\\\/05\\\/AG-LOGO-W-300-1.png\",\"width\":300,\"height\":300,\"caption\":\"Agro Millo\"},\"image\":{\"@id\":\"https:\\\/\\\/agro-millo.hr\\\/#\\\/schema\\\/logo\\\/image\\\/\"},\"sameAs\":[\"https:\\\/\\\/www.facebook.com\\\/agromillo\\\/\",\"https:\\\/\\\/x.com\\\/agromillo\",\"https:\\\/\\\/www.instagram.com\\\/agromillo\\\/?hl=en\"]}]}<\/script>\n<!-- \/ Yoast SEO plugin. -->","yoast_head_json":{"title":"Dichiarazione di accessibilit\u00e0 - Agro Millo","robots":{"index":"index","follow":"follow","max-snippet":"max-snippet:-1","max-image-preview":"max-image-preview:large","max-video-preview":"max-video-preview:-1"},"canonical":"https:\/\/agro-millo.hr\/it\/izjava-o-pristupacnosti\/","og_locale":"it_IT","og_type":"article","og_title":"Dichiarazione di accessibilit\u00e0 - Agro Millo","og_url":"https:\/\/agro-millo.hr\/it\/izjava-o-pristupacnosti\/","og_site_name":"Agro Millo","article_publisher":"https:\/\/www.facebook.com\/agromillo\/","article_modified_time":"2025-04-24T08:26:32+00:00","twitter_card":"summary_large_image","twitter_site":"@agromillo","twitter_misc":{"Tempo di lettura stimato":"4 minuti"},"schema":{"@context":"https:\/\/schema.org","@graph":[{"@type":"WebPage","@id":"https:\/\/agro-millo.hr\/it\/izjava-o-pristupacnosti\/","url":"https:\/\/agro-millo.hr\/it\/izjava-o-pristupacnosti\/","name":"Dichiarazione di accessibilit\u00e0 - Agro Millo","isPartOf":{"@id":"https:\/\/agro-millo.hr\/#website"},"datePublished":"2025-04-24T08:15:54+00:00","dateModified":"2025-04-24T08:26:32+00:00","breadcrumb":{"@id":"https:\/\/agro-millo.hr\/it\/izjava-o-pristupacnosti\/#breadcrumb"},"inLanguage":"it-IT","potentialAction":[{"@type":"ReadAction","target":["https:\/\/agro-millo.hr\/it\/izjava-o-pristupacnosti\/"]}]},{"@type":"BreadcrumbList","@id":"https:\/\/agro-millo.hr\/it\/izjava-o-pristupacnosti\/#breadcrumb","itemListElement":[{"@type":"ListItem","position":1,"name":"Home","item":"https:\/\/agro-millo.hr\/it\/"},{"@type":"ListItem","position":2,"name":"Dichiarazione di accessibilit\u00e0"}]},{"@type":"WebSite","@id":"https:\/\/agro-millo.hr\/#website","url":"https:\/\/agro-millo.hr\/","name":"Agro Millo","description":"Extra Virgin Olive Oil","publisher":{"@id":"https:\/\/agro-millo.hr\/#organization"},"potentialAction":[{"@type":"SearchAction","target":{"@type":"EntryPoint","urlTemplate":"https:\/\/agro-millo.hr\/?s={search_term_string}"},"query-input":{"@type":"PropertyValueSpecification","valueRequired":true,"valueName":"search_term_string"}}],"inLanguage":"it-IT"},{"@type":"Organization","@id":"https:\/\/agro-millo.hr\/#organization","name":"Agro Millo","url":"https:\/\/agro-millo.hr\/","logo":{"@type":"ImageObject","inLanguage":"it-IT","@id":"https:\/\/agro-millo.hr\/#\/schema\/logo\/image\/","url":"https:\/\/agro-millo.hr\/wp-content\/uploads\/2022\/05\/AG-LOGO-W-300-1.png","contentUrl":"https:\/\/agro-millo.hr\/wp-content\/uploads\/2022\/05\/AG-LOGO-W-300-1.png","width":300,"height":300,"caption":"Agro Millo"},"image":{"@id":"https:\/\/agro-millo.hr\/#\/schema\/logo\/image\/"},"sameAs":["https:\/\/www.facebook.com\/agromillo\/","https:\/\/x.com\/agromillo","https:\/\/www.instagram.com\/agromillo\/?hl=en"]}]}},"_links":{"self":[{"href":"https:\/\/agro-millo.hr\/it\/wp-json\/wp\/v2\/pages\/3780","targetHints":{"allow":["GET"]}}],"collection":[{"href":"https:\/\/agro-millo.hr\/it\/wp-json\/wp\/v2\/pages"}],"about":[{"href":"https:\/\/agro-millo.hr\/it\/wp-json\/wp\/v2\/types\/page"}],"author":[{"embeddable":true,"href":"https:\/\/agro-millo.hr\/it\/wp-json\/wp\/v2\/users\/1"}],"replies":[{"embeddable":true,"href":"https:\/\/agro-millo.hr\/it\/wp-json\/wp\/v2\/comments?post=3780"}],"version-history":[{"count":1,"href":"https:\/\/agro-millo.hr\/it\/wp-json\/wp\/v2\/pages\/3780\/revisions"}],"predecessor-version":[{"id":3787,"href":"https:\/\/agro-millo.hr\/it\/wp-json\/wp\/v2\/pages\/3780\/revisions\/3787"}],"wp:attachment":[{"href":"https:\/\/agro-millo.hr\/it\/wp-json\/wp\/v2\/media?parent=3780"}],"curies":[{"name":"wp","href":"https:\/\/api.w.org\/{rel}","templated":true}]}}