{"id":3772,"date":"2025-04-24T08:15:54","date_gmt":"2025-04-24T08:15:54","guid":{"rendered":"https:\/\/agro-millo.hr\/?page_id=3772"},"modified":"2025-04-24T08:18:33","modified_gmt":"2025-04-24T08:18:33","slug":"izjava-o-pristupacnosti","status":"publish","type":"page","link":"https:\/\/agro-millo.hr\/hr\/izjava-o-pristupacnosti\/","title":{"rendered":"Izjava o pristupa\u010dnosti"},"content":{"rendered":"<div class=\"fusion-fullwidth fullwidth-box fusion-builder-row-1 fusion-flex-container nonhundred-percent-fullwidth non-hundred-percent-height-scrolling\" style=\"--awb-border-radius-top-left:0px;--awb-border-radius-top-right:0px;--awb-border-radius-bottom-right:0px;--awb-border-radius-bottom-left:0px;--awb-flex-wrap:wrap;\" ><div class=\"fusion-builder-row fusion-row fusion-flex-align-items-flex-start fusion-flex-content-wrap\" style=\"max-width:1248px;margin-left: calc(-4% \/ 2 );margin-right: calc(-4% \/ 2 );\"><div class=\"fusion-layout-column fusion_builder_column fusion-builder-column-0 fusion_builder_column_1_6 1_6 fusion-flex-column\" style=\"--awb-bg-size:cover;--awb-width-large:16.666666666667%;--awb-margin-top-large:0px;--awb-spacing-right-large:11.52%;--awb-margin-bottom-large:20px;--awb-spacing-left-large:11.52%;--awb-width-medium:16.666666666667%;--awb-spacing-right-medium:11.52%;--awb-spacing-left-medium:11.52%;--awb-width-small:100%;--awb-spacing-right-small:1.92%;--awb-spacing-left-small:1.92%;\"><div class=\"fusion-column-wrapper fusion-flex-justify-content-flex-start fusion-content-layout-column\"><\/div><\/div><div class=\"fusion-layout-column fusion_builder_column fusion-builder-column-1 fusion_builder_column_2_3 2_3 fusion-flex-column\" style=\"--awb-bg-size:cover;--awb-width-large:66.666666666667%;--awb-margin-top-large:0px;--awb-spacing-right-large:2.88%;--awb-margin-bottom-large:0px;--awb-spacing-left-large:2.88%;--awb-width-medium:66.666666666667%;--awb-order-medium:0;--awb-spacing-right-medium:2.88%;--awb-spacing-left-medium:2.88%;--awb-width-small:100%;--awb-order-small:0;--awb-spacing-right-small:1.92%;--awb-spacing-left-small:1.92%;\"><div class=\"fusion-column-wrapper fusion-column-has-shadow fusion-flex-justify-content-flex-start fusion-content-layout-column\"><div class=\"fusion-title title fusion-title-1 fusion-sep-none fusion-title-text fusion-title-size-one\" style=\"--awb-margin-bottom:30px;--awb-margin-left:20px;--awb-margin-top-small:10px;--awb-margin-right-small:0px;--awb-margin-bottom-small:10px;--awb-margin-left-small:0px;--awb-font-size:24px;\"><h1 class=\"fusion-title-heading title-heading-left\" style=\"margin:0;text-transform:uppercase;font-size:1em;\">Izjava o pristupa\u010dnosti<\/h1><\/div><div class=\"fusion-text fusion-text-1\" style=\"--awb-content-alignment:justify;--awb-text-transform:none;--awb-margin-top:0px;\"><div class=\"fusion-column-wrapper fusion-flex-justify-content-flex-start fusion-content-layout-column\">\n<p>Na temelju \u010dlanka 9. Zakona o pristupa\u010dnosti mre\u017enih stranica i programskih rje\u0161enja za pokretne ure\u0111aje tijela javnog sektora (\u201cNarodne novine\u201d, broj 17\/19) te sukladno smjernicama za osiguravanje pristupa\u010dnosti mre\u017enih sadr\u017eaja koje je razvila Inicijativa za pristupa\u010dnost mre\u017ei (eng. Web Accessibility Initiative \u2013 WAI),<\/p>\n<p>Agro Millo<br \/><span class=\"s1\">Baredine 16, 52460 Buje, Hrvatska<\/span><\/p>\n<p>donosi slijede\u0107u<\/p>\n<p>IZJAVU O PRISTUPA\u010cNOSTI<\/p>\n<p>Agro Millo nastoji svoju internetsku stranicu u\u010diniti pristupa\u010dnom u skladu sa Zakonom o pristupa\u010dnosti mre\u017enih stranica i programskih rje\u0161enja za pokretne ure\u0111aje tijela javnog sektora (Narodne novine, br. 17\/2019) kojim se prenosi Direktiva (EU) 2016\/2102 Europskog parlamenta i Vije\u0107a.<\/p>\n<p>Ujedno nastoji u\u010diniti svoju internetsku stranicu sukladnom smjernicama za osiguravanje pristupa\u010dnosti mre\u017enih sadr\u017eaja koje je razvila Inicijativa za pristupa\u010dnost mre\u017ei (eng. Web Accessibility Initiative \u2013 WAI).<\/p>\n<p>Ova Izjava primjenjuje se na internetsku stranicu: www.agro-millo.hr.<\/p>\n<p><b>Stupanj uskla\u0111enosti<\/b><\/p>\n<p>Ova internetska stranica je djelomi\u010dno u skladu sa Zakonom o pristupa\u010dnosti mre\u017enih stranica i programskih rje\u0161enja za pokretne ure\u0111aje tijela javnog sektora (NN 17\/19) i Direktivom (EU) 2016\/2102 Europskog parlamenta i Vije\u0107a te smjernicama za osiguravanje pristupa\u010dnosti mre\u017enih sadr\u017eaja koje je razvila Inicijativa za pristupa\u010dnost mre\u017ei (eng. Web Accessibility Initiative \u2013 WAI).<\/p>\n<p><b>Nepristupa\u010dan sadr\u017eaj<\/b><\/p>\n<p>Sukladno \u010dlanku 8. Zakona o pristupa\u010dnosti mre\u017enih stranica i programskih rje\u0161enja za pokretne ure\u0111aje tijela javnog sektora (NN 17\/19) i \u010dlanku 5. Direktive (EU) 2016\/2012 Europskog parlamenta i Vije\u0107a, kao i mjernicama za osiguravanje pristupa\u010dnosti mre\u017enih sadr\u017eaja koje je razvila Inicijativa za pristupa\u010dnost mre\u017ei (eng. Web Accessibility Initiative \u2013 WAI),<\/p>\n<p>Obrt Agro Millo proveo je incijalnu procjenu uskla\u0111enosti svoje internetske stranice sa zahtjevima pristupa\u010dnosti.<\/p>\n<p><b>Uo\u010deni nedostaci su slijede\u0107i:<\/b><\/p>\n<ul>\n<li>Mre\u017ena stranica nije manjim dijelom prilago\u0111ena HTML5 standardima. S obzirom na tehni\u010dko ograni\u010denje stranice, nije mogu\u0107e potpuno uskla\u0111enje, ali ono ne sprije\u010dava korisnike neovisno o njihovim mogu\u0107nostima u pristupu i kori\u0161tenju mre\u017ene stranice.<\/li>\n<li>Dio fotografija i\/ili netekstualnog sadr\u017eaja internetskih stranica dekorativnog je karaktera ili se koristi samo za vizualno oblikovanje, pa sukladno to\u010dki 5.1.3.6. europske norme EN 301 549 V2.1.2 (2018-08), odre\u0111ene \u010dlankom 7. stavkom 1. Zakona o pristupa\u010dnosti, nemaju (i ne moraju imati) svoj alternativni opis.<\/li>\n<li>Dio tekstova nije poravnat u lijevo.<\/li>\n<li>Na stranici postoje PDF dokumenti u slikovnom formatu koje se ne mo\u017ee preuzeti na ra\u010dunalo i \u010ditati putem \u010dita\u010da ekrana.<\/li>\n<li>Ugra\u0111eni interaktivni elementi kao \u0161to su slider na naslovnici, \u010dita\u010d PDF dokumenata\/kataloga nema mogu\u0107nost upravljanja i kretanja putem ure\u0111aja koje koriste osobe s pote\u0161ko\u0107ama, a nije ponu\u0111ena alternativa.<\/li>\n<li>Tekst u obliku slikovnih datoteka se koristi na dinami\u010dkim dijelovima stranice (slider, prijelazi mi\u0161em i animacije).<\/li>\n<li>Neki elementi koji nisu stalno prikazani ne otvaraju se i zatvaraju dodirom (klikom) mi\u0161a (ve\u0107 prelaskom pokaziva\u010da preko gumba).<\/li>\n<\/ul>\n<p>Agro Millo radi na uklanjanju uo\u010denih neuskla\u0111enosti te \u0107e ih nastojati otkloniti u najskorije vrijeme.<\/p>\n<p><b>Priprema ove izjave o pristupa\u010dnosti<\/b><\/p>\n<p>Kao tijelo javnog sektora, Agro Millo nastoji svoje mre\u017ene stranice www.agro-millo.hr u\u010diniti pristupa\u010dnima u skladu sa Zakonom o pristupa\u010dnosti mre\u017enih stranica i programskih rje\u0161enja za pokretne ure\u0111aje tijela javnog sektora Republike Hrvatske (NN 17\/19), od 23. rujna 2019., kojim se u nacionalno zakonodavstvo preuzima Direktiva (EU) 2016\/2102 Europskog parlamenta i Vije\u0107a o pristupa\u010dnosti internetskih stranica i mobilnih aplikacija tijela javnog sektora.<\/p>\n<p>Agro Millo \u0107e provesti korektivne mjere za rje\u0161avanje problema nepristupa\u010dnog sadr\u017eaja svog mre\u017enog sjedi\u0161ta u maksimalnoj mogu\u0107oj mjeri.<\/p>\n<p>Gre\u0161ke kontrasta i promjena veli\u010dine fonta rije\u0161ene su instalacijom WP Accessibility Tools plugin-a \u2013 alata za za pristupa\u010dnost koji se aktivira prelaskom pokaziva\u010da, u gornjem desnom uglu mre\u017enog mjesta.<\/p>\n<p>Ova Izjava pripremljena je dana 01. srpnja 2024., sukladno Predlo\u0161ku izjave o pristupa\u010dnosti koji je u skladu s Direktivom (EU) 2016\/2102 Europskog parlamenta i Vije\u0107a o pristupa\u010dnosti internetskih stranica i mobilnih aplikacija tijela javnog sektora, a utvr\u0111en je Provedbenom odlukom komisije EU 2018\/1523 11. listopada 2018.<\/p>\n<p>Za pripremu ove Izjave kori\u0161tena je metoda samoprocjene koju je provelo tijelo javnog sektora te metode testiranja pristupa\u010dnosti WAVE Web Accessibility Evaluation Tool i WAVE Web Accessibility Evaluation Tool.<\/p>\n<p><b>Povratne informacije i podaci za kontakt<\/b><\/p>\n<p>Podno\u0161enjem zahtjeva mo\u017eete dobiti povratne informacije i\/ili prijaviti uo\u010dene nepravilnosti u smislu Zakona o pristupa\u010dnosti mre\u017enih stranica i programskih rje\u0161enja za pokretne ure\u0111aje tijela javnog sektora (NN 17\/19) i Direktive (EU) 2016\/2012 Europskog parlamenta i Vije\u0107a. Zahtjev mo\u017eete podnijeti pismenim obrtu Agro Millo na slijede\u0107e kontakte:<\/p>\n<p>adresa: <span class=\"s1\">Baredine 16, 52460 Buje, Hrvatska<\/span><\/p>\n<p><b>Postupak pra\u0107enja provedbe propisa<\/b><\/p>\n<p>Nadzor nad provedbom Zakona o pristupa\u010dnosti mre\u017enih stranica i programskih rje\u0161enja za pokretne ure\u0111aje tijela javnog sektora (NN 17\/19) obavlja Povjerenik za informiranje Republike Hrvatske.<\/p>\n<p>Inspekcijski nadzor nad provedbom Zakona o pristupa\u010dnosti mre\u017enih stranica i programskih rje\u0161enja za pokretne ure\u0111aje tijela javnog sektora (NN 17\/19) obavljaju inspektori i drugi ovla\u0161teni slu\u017ebenici Ureda povjerenika.<\/p>\n<p>Na nadzor se primjenjuju odredbe Zakona o pravu na pristup informacijama (NN 25\/13 i 85\/15).<\/p>\n<p>U slu\u010daju nezadovoljavaju\u0107ih odgovora na obavijest ili zahtjev za povratne informacije o pristupa\u010dnosti ove mre\u017ene stranica, korisnici se mogu obratiti Povjereniku za informiranje:<\/p>\n<p>\u2022 telefonom na broj: +38552774256<\/p>\n<p>\u2022 po\u0161tom na adresu: <span class=\"s1\">Baredine 16, 52460 Buje, Hrvatska<\/span><\/p>\n<p>\u2022 elektroni\u010dkom po\u0161tom: <a href=\"mailto:info@agro-millo.hr\">info@agro-millo.hr<\/a><\/p>\n<\/div>\n<\/div><\/div><\/div><div class=\"fusion-layout-column fusion_builder_column fusion-builder-column-2 fusion_builder_column_1_6 1_6 fusion-flex-column\" style=\"--awb-bg-size:cover;--awb-width-large:16.666666666667%;--awb-margin-top-large:0px;--awb-spacing-right-large:11.52%;--awb-margin-bottom-large:20px;--awb-spacing-left-large:11.52%;--awb-width-medium:16.666666666667%;--awb-spacing-right-medium:11.52%;--awb-spacing-left-medium:11.52%;--awb-width-small:100%;--awb-spacing-right-small:1.92%;--awb-spacing-left-small:1.92%;\"><div class=\"fusion-column-wrapper fusion-flex-justify-content-flex-start fusion-content-layout-column\"><\/div><\/div><\/div><\/div>\n","protected":false},"excerpt":{"rendered":"","protected":false},"author":1,"featured_media":0,"parent":0,"menu_order":0,"comment_status":"closed","ping_status":"closed","template":"","meta":{"_acf_changed":false,"footnotes":""},"class_list":["post-3772","page","type-page","status-publish","hentry"],"acf":[],"yoast_head":"<!-- This site is optimized with the Yoast SEO plugin v27.3 - https:\/\/yoast.com\/product\/yoast-seo-wordpress\/ -->\n<title>Izjava o pristupa\u010dnosti - Agro Millo<\/title>\n<meta name=\"robots\" content=\"index, follow, max-snippet:-1, max-image-preview:large, max-video-preview:-1\" \/>\n<link rel=\"canonical\" href=\"https:\/\/agro-millo.hr\/hr\/izjava-o-pristupacnosti\/\" \/>\n<meta property=\"og:locale\" content=\"hr_HR\" \/>\n<meta property=\"og:type\" content=\"article\" \/>\n<meta property=\"og:title\" content=\"Izjava o pristupa\u010dnosti - Agro Millo\" \/>\n<meta property=\"og:url\" content=\"https:\/\/agro-millo.hr\/hr\/izjava-o-pristupacnosti\/\" \/>\n<meta property=\"og:site_name\" content=\"Agro Millo\" \/>\n<meta property=\"article:publisher\" content=\"https:\/\/www.facebook.com\/agromillo\/\" \/>\n<meta property=\"article:modified_time\" content=\"2025-04-24T08:18:33+00:00\" \/>\n<meta name=\"twitter:card\" content=\"summary_large_image\" \/>\n<meta name=\"twitter:site\" content=\"@agromillo\" \/>\n<meta name=\"twitter:label1\" content=\"Procijenjeno vrijeme \u010ditanja\" \/>\n\t<meta name=\"twitter:data1\" content=\"4 minute\" \/>\n<script type=\"application\/ld+json\" class=\"yoast-schema-graph\">{\"@context\":\"https:\\\/\\\/schema.org\",\"@graph\":[{\"@type\":\"WebPage\",\"@id\":\"https:\\\/\\\/agro-millo.hr\\\/hr\\\/izjava-o-pristupacnosti\\\/\",\"url\":\"https:\\\/\\\/agro-millo.hr\\\/hr\\\/izjava-o-pristupacnosti\\\/\",\"name\":\"Izjava o pristupa\u010dnosti - Agro Millo\",\"isPartOf\":{\"@id\":\"https:\\\/\\\/agro-millo.hr\\\/#website\"},\"datePublished\":\"2025-04-24T08:15:54+00:00\",\"dateModified\":\"2025-04-24T08:18:33+00:00\",\"breadcrumb\":{\"@id\":\"https:\\\/\\\/agro-millo.hr\\\/hr\\\/izjava-o-pristupacnosti\\\/#breadcrumb\"},\"inLanguage\":\"hr\",\"potentialAction\":[{\"@type\":\"ReadAction\",\"target\":[\"https:\\\/\\\/agro-millo.hr\\\/hr\\\/izjava-o-pristupacnosti\\\/\"]}]},{\"@type\":\"BreadcrumbList\",\"@id\":\"https:\\\/\\\/agro-millo.hr\\\/hr\\\/izjava-o-pristupacnosti\\\/#breadcrumb\",\"itemListElement\":[{\"@type\":\"ListItem\",\"position\":1,\"name\":\"Home\",\"item\":\"https:\\\/\\\/agro-millo.hr\\\/hr\\\/\"},{\"@type\":\"ListItem\",\"position\":2,\"name\":\"Izjava o pristupa\u010dnosti\"}]},{\"@type\":\"WebSite\",\"@id\":\"https:\\\/\\\/agro-millo.hr\\\/#website\",\"url\":\"https:\\\/\\\/agro-millo.hr\\\/\",\"name\":\"Agro Millo\",\"description\":\"Extra Virgin Olive Oil\",\"publisher\":{\"@id\":\"https:\\\/\\\/agro-millo.hr\\\/#organization\"},\"potentialAction\":[{\"@type\":\"SearchAction\",\"target\":{\"@type\":\"EntryPoint\",\"urlTemplate\":\"https:\\\/\\\/agro-millo.hr\\\/?s={search_term_string}\"},\"query-input\":{\"@type\":\"PropertyValueSpecification\",\"valueRequired\":true,\"valueName\":\"search_term_string\"}}],\"inLanguage\":\"hr\"},{\"@type\":\"Organization\",\"@id\":\"https:\\\/\\\/agro-millo.hr\\\/#organization\",\"name\":\"Agro Millo\",\"url\":\"https:\\\/\\\/agro-millo.hr\\\/\",\"logo\":{\"@type\":\"ImageObject\",\"inLanguage\":\"hr\",\"@id\":\"https:\\\/\\\/agro-millo.hr\\\/#\\\/schema\\\/logo\\\/image\\\/\",\"url\":\"https:\\\/\\\/agro-millo.hr\\\/wp-content\\\/uploads\\\/2022\\\/05\\\/AG-LOGO-W-300-1.png\",\"contentUrl\":\"https:\\\/\\\/agro-millo.hr\\\/wp-content\\\/uploads\\\/2022\\\/05\\\/AG-LOGO-W-300-1.png\",\"width\":300,\"height\":300,\"caption\":\"Agro Millo\"},\"image\":{\"@id\":\"https:\\\/\\\/agro-millo.hr\\\/#\\\/schema\\\/logo\\\/image\\\/\"},\"sameAs\":[\"https:\\\/\\\/www.facebook.com\\\/agromillo\\\/\",\"https:\\\/\\\/x.com\\\/agromillo\",\"https:\\\/\\\/www.instagram.com\\\/agromillo\\\/?hl=en\"]}]}<\/script>\n<!-- \/ Yoast SEO plugin. -->","yoast_head_json":{"title":"Izjava o pristupa\u010dnosti - Agro Millo","robots":{"index":"index","follow":"follow","max-snippet":"max-snippet:-1","max-image-preview":"max-image-preview:large","max-video-preview":"max-video-preview:-1"},"canonical":"https:\/\/agro-millo.hr\/hr\/izjava-o-pristupacnosti\/","og_locale":"hr_HR","og_type":"article","og_title":"Izjava o pristupa\u010dnosti - Agro Millo","og_url":"https:\/\/agro-millo.hr\/hr\/izjava-o-pristupacnosti\/","og_site_name":"Agro Millo","article_publisher":"https:\/\/www.facebook.com\/agromillo\/","article_modified_time":"2025-04-24T08:18:33+00:00","twitter_card":"summary_large_image","twitter_site":"@agromillo","twitter_misc":{"Procijenjeno vrijeme \u010ditanja":"4 minute"},"schema":{"@context":"https:\/\/schema.org","@graph":[{"@type":"WebPage","@id":"https:\/\/agro-millo.hr\/hr\/izjava-o-pristupacnosti\/","url":"https:\/\/agro-millo.hr\/hr\/izjava-o-pristupacnosti\/","name":"Izjava o pristupa\u010dnosti - Agro Millo","isPartOf":{"@id":"https:\/\/agro-millo.hr\/#website"},"datePublished":"2025-04-24T08:15:54+00:00","dateModified":"2025-04-24T08:18:33+00:00","breadcrumb":{"@id":"https:\/\/agro-millo.hr\/hr\/izjava-o-pristupacnosti\/#breadcrumb"},"inLanguage":"hr","potentialAction":[{"@type":"ReadAction","target":["https:\/\/agro-millo.hr\/hr\/izjava-o-pristupacnosti\/"]}]},{"@type":"BreadcrumbList","@id":"https:\/\/agro-millo.hr\/hr\/izjava-o-pristupacnosti\/#breadcrumb","itemListElement":[{"@type":"ListItem","position":1,"name":"Home","item":"https:\/\/agro-millo.hr\/hr\/"},{"@type":"ListItem","position":2,"name":"Izjava o pristupa\u010dnosti"}]},{"@type":"WebSite","@id":"https:\/\/agro-millo.hr\/#website","url":"https:\/\/agro-millo.hr\/","name":"Agro Millo","description":"Extra Virgin Olive Oil","publisher":{"@id":"https:\/\/agro-millo.hr\/#organization"},"potentialAction":[{"@type":"SearchAction","target":{"@type":"EntryPoint","urlTemplate":"https:\/\/agro-millo.hr\/?s={search_term_string}"},"query-input":{"@type":"PropertyValueSpecification","valueRequired":true,"valueName":"search_term_string"}}],"inLanguage":"hr"},{"@type":"Organization","@id":"https:\/\/agro-millo.hr\/#organization","name":"Agro Millo","url":"https:\/\/agro-millo.hr\/","logo":{"@type":"ImageObject","inLanguage":"hr","@id":"https:\/\/agro-millo.hr\/#\/schema\/logo\/image\/","url":"https:\/\/agro-millo.hr\/wp-content\/uploads\/2022\/05\/AG-LOGO-W-300-1.png","contentUrl":"https:\/\/agro-millo.hr\/wp-content\/uploads\/2022\/05\/AG-LOGO-W-300-1.png","width":300,"height":300,"caption":"Agro Millo"},"image":{"@id":"https:\/\/agro-millo.hr\/#\/schema\/logo\/image\/"},"sameAs":["https:\/\/www.facebook.com\/agromillo\/","https:\/\/x.com\/agromillo","https:\/\/www.instagram.com\/agromillo\/?hl=en"]}]}},"_links":{"self":[{"href":"https:\/\/agro-millo.hr\/hr\/wp-json\/wp\/v2\/pages\/3772","targetHints":{"allow":["GET"]}}],"collection":[{"href":"https:\/\/agro-millo.hr\/hr\/wp-json\/wp\/v2\/pages"}],"about":[{"href":"https:\/\/agro-millo.hr\/hr\/wp-json\/wp\/v2\/types\/page"}],"author":[{"embeddable":true,"href":"https:\/\/agro-millo.hr\/hr\/wp-json\/wp\/v2\/users\/1"}],"replies":[{"embeddable":true,"href":"https:\/\/agro-millo.hr\/hr\/wp-json\/wp\/v2\/comments?post=3772"}],"version-history":[{"count":5,"href":"https:\/\/agro-millo.hr\/hr\/wp-json\/wp\/v2\/pages\/3772\/revisions"}],"predecessor-version":[{"id":3777,"href":"https:\/\/agro-millo.hr\/hr\/wp-json\/wp\/v2\/pages\/3772\/revisions\/3777"}],"wp:attachment":[{"href":"https:\/\/agro-millo.hr\/hr\/wp-json\/wp\/v2\/media?parent=3772"}],"curies":[{"name":"wp","href":"https:\/\/api.w.org\/{rel}","templated":true}]}}