{"id":3779,"date":"2025-04-24T08:15:54","date_gmt":"2025-04-24T08:15:54","guid":{"rendered":"https:\/\/agro-millo.hr\/izjava-o-pristupacnosti\/"},"modified":"2025-04-24T08:27:32","modified_gmt":"2025-04-24T08:27:32","slug":"izjava-o-pristupacnosti","status":"publish","type":"page","link":"https:\/\/agro-millo.hr\/de\/izjava-o-pristupacnosti\/","title":{"rendered":"Erkl\u00e4rung zur Barrierefreiheit"},"content":{"rendered":"<div class=\"fusion-fullwidth fullwidth-box fusion-builder-row-1 fusion-flex-container nonhundred-percent-fullwidth non-hundred-percent-height-scrolling\" style=\"--awb-border-radius-top-left:0px;--awb-border-radius-top-right:0px;--awb-border-radius-bottom-right:0px;--awb-border-radius-bottom-left:0px;--awb-flex-wrap:wrap;\" ><div class=\"fusion-builder-row fusion-row fusion-flex-align-items-flex-start fusion-flex-content-wrap\" style=\"max-width:1248px;margin-left: calc(-4% \/ 2 );margin-right: calc(-4% \/ 2 );\"><div class=\"fusion-layout-column fusion_builder_column fusion-builder-column-0 fusion_builder_column_1_6 1_6 fusion-flex-column\" style=\"--awb-bg-blend:overlay;--awb-bg-size:cover;--awb-width-large:16.666666666667%;--awb-margin-top-large:0px;--awb-spacing-right-large:11.52%;--awb-margin-bottom-large:20px;--awb-spacing-left-large:11.52%;--awb-width-medium:16.666666666667%;--awb-spacing-right-medium:11.52%;--awb-spacing-left-medium:11.52%;--awb-width-small:100%;--awb-spacing-right-small:1.92%;--awb-spacing-left-small:1.92%;\"><div class=\"fusion-column-wrapper fusion-flex-justify-content-flex-start fusion-content-layout-column\"><\/div><\/div><div class=\"fusion-layout-column fusion_builder_column fusion-builder-column-1 fusion_builder_column_2_3 2_3 fusion-flex-column\" style=\"--awb-bg-size:cover;--awb-width-large:66.666666666667%;--awb-margin-top-large:0px;--awb-spacing-right-large:2.88%;--awb-margin-bottom-large:0px;--awb-spacing-left-large:2.88%;--awb-width-medium:66.666666666667%;--awb-order-medium:0;--awb-spacing-right-medium:2.88%;--awb-spacing-left-medium:2.88%;--awb-width-small:100%;--awb-order-small:0;--awb-spacing-right-small:1.92%;--awb-spacing-left-small:1.92%;\"><div class=\"fusion-column-wrapper fusion-column-has-shadow fusion-flex-justify-content-flex-start fusion-content-layout-column\"><div class=\"fusion-title title fusion-title-1 fusion-sep-none fusion-title-text fusion-title-size-one\" style=\"--awb-margin-bottom:30px;--awb-margin-top-small:10px;--awb-margin-right-small:0px;--awb-margin-bottom-small:10px;--awb-margin-left-small:0px;--awb-font-size:24px;\"><h1 class=\"fusion-title-heading title-heading-left\" style=\"margin:0;text-transform:uppercase;font-size:1em;\">Erkl\u00e4rung zur Barrierefreiheit<\/h1><\/div><div class=\"fusion-text fusion-text-1\" style=\"--awb-content-alignment:justify;--awb-text-transform:none;--awb-margin-top:0px;\"><p>Gem\u00e4\u00df Artikel 9 des Gesetzes \u00fcber die Barrierefreiheit von Websites und mobilen Anwendungen von Einrichtungen des \u00f6ffentlichen Sektors (\u201eNarodne novine\u201c, Nr. 17\/19) und im Einklang mit den Richtlinien der Web Accessibility Initiative (WAI) zur Sicherstellung der Barrierefreiheit von Webinhalten gibt<\/p>\n<p>Agro Millo<br \/>\nBaredine 16, 52460 Buje, Hrvatska<\/p>\n<p>folgende<\/p>\n<p>ERKL\u00c4RUNG ZUR BARRIEREFREIHEIT:<\/p>\n<p>Agro Millo verpflichtet sich, seine Webseite gem\u00e4\u00df dem Gesetz \u00fcber die Barrierefreiheit von Websites und mobilen Anwendungen \u00f6ffentlicher Einrichtungen (Narodne novine, Nr. 17\/2019), welches die Richtlinie (EU) 2016\/2102 des Europ\u00e4ischen Parlaments und des Rates umsetzt, barrierefrei zu gestalten.<\/p>\n<p>Gleichzeitig bem\u00fcht sich Studio Web Art, seine Webseite gem\u00e4\u00df den Richtlinien der Web Accessibility Initiative (WAI) barrierefrei zu gestalten.<\/p>\n<p>Diese Erkl\u00e4rung gilt f\u00fcr die Webseite: www.agro-millo.hr.<\/p>\n<p><strong>Grad der Einhaltung<\/strong><\/p>\n<p>Diese Webseite ist teilweise konform mit dem Gesetz \u00fcber die Barrierefreiheit von Websites und mobilen Anwendungen \u00f6ffentlicher Einrichtungen (NN 17\/19), der Richtlinie (EU) 2016\/2102 des Europ\u00e4ischen Parlaments und des Rates sowie den Richtlinien der Web Accessibility Initiative (WAI).<\/p>\n<p><strong>Nicht barrierefreie Inhalte<\/strong><\/p>\n<p>Gem\u00e4\u00df Artikel 8 des Gesetzes \u00fcber die Barrierefreiheit von Websites und mobilen Anwendungen \u00f6ffentlicher Einrichtungen (NN 17\/19), Artikel 5 der Richtlinie (EU) 2016\/2102 sowie den WAI-Richtlinien hat Agro Millo eine erste Bewertung der Barrierefreiheit seiner Webseite durchgef\u00fchrt.<\/p>\n<p>Folgende M\u00e4ngel wurden festgestellt:<\/p>\n<p>Die Webseite entspricht nicht vollst\u00e4ndig dem Standard HTML5. Aufgrund technischer Einschr\u00e4nkungen ist eine vollst\u00e4ndige Konformit\u00e4t nicht m\u00f6glich, was jedoch den Zugang und die Nutzung der Webseite unabh\u00e4ngig von den F\u00e4higkeiten des Benutzers nicht verhindert.<br \/>\nEinige Fotos und\/oder nicht-textuelle Inhalte auf der Webseite sind dekorativ oder dienen rein gestalterischen Zwecken, weshalb sie gem\u00e4\u00df Punkt 5.1.3.6 der europ\u00e4ischen Norm EN 301 549 V2.1.2 (2018-08), geregelt durch Artikel 7 Absatz 1 des Gesetzes \u00fcber Barrierefreiheit, keine alternativen Texte haben m\u00fcssen.<br \/>\nEin Teil der Texte ist nicht linksb\u00fcndig ausgerichtet.<br \/>\nAuf der Webseite befinden sich PDF-Dokumente im Bildformat, die weder heruntergeladen noch mit einem Screenreader gelesen werden k\u00f6nnen.<br \/>\nInteraktive Elemente wie Slider auf der Startseite oder PDF-Dokumentenleser\/Katalogbetrachter erm\u00f6glichen keine Navigation und Steuerung mit Hilfsmitteln f\u00fcr Menschen mit Behinderungen, und es gibt keine Alternative.<br \/>\nTexte in Bildform werden in einigen dynamischen Abschnitten der Webseite verwendet (Slider, Maus\u00fcberg\u00e4nge, Animationen).<br \/>\nEinige Elemente, die nicht st\u00e4ndig sichtbar sind, \u00f6ffnen und schlie\u00dfen sich nicht durch Klicken, sondern nur beim \u00dcberfahren mit dem Mauszeiger.<br \/>\nAgro Millo arbeitet aktiv daran, diese Unregelm\u00e4\u00dfigkeiten schnellstm\u00f6glich zu beheben.<\/p>\n<p><strong>Erstellung dieser Erkl\u00e4rung zur Barrierefreiheit<\/strong><\/p>\n<p>Als Einrichtung des \u00f6ffentlichen Sektors verpflichtet sich Agro Millo, seine Webseite www.agro-millo.hr\u00a0gem\u00e4\u00df dem Gesetz \u00fcber die Barrierefreiheit von Websites und mobilen Anwendungen \u00f6ffentlicher Einrichtungen der Republik Kroatien (NN 17\/19) vom 23. September 2019 barrierefrei zu gestalten, mit dem die Richtlinie (EU) 2016\/2102 des Europ\u00e4ischen Parlaments und des Rates zur Barrierefreiheit von Websites und mobilen Anwendungen \u00f6ffentlicher Einrichtungen in das nationale Recht \u00fcbernommen wurde.<\/p>\n<p>Agro Millo wird korrigierende Ma\u00dfnahmen zur gr\u00f6\u00dftm\u00f6glichen Beseitigung von Problemen der Barrierefreiheit der Webinhalte ergreifen.<\/p>\n<p>Probleme mit dem Kontrast und der Schriftgr\u00f6\u00dfen\u00e4nderung wurden mit dem Plugin \u201eWP Accessibility Tools\u201c behoben \u2013 einem Barrierefreiheits-Tool, das beim \u00dcberfahren des Cursors in der oberen rechten Ecke der Webseite aktiviert wird.<\/p>\n<p>Diese Erkl\u00e4rung wurde am 1. Juli 2024 erstellt und folgt dem Muster der Erkl\u00e4rung zur Barrierefreiheit gem\u00e4\u00df der Richtlinie (EU) 2016\/2102, festgelegt durch den Durchf\u00fchrungsbeschluss der Kommission (EU) 2018\/1523 vom 11. Oktober 2018.<\/p>\n<p>F\u00fcr die Erstellung dieser Erkl\u00e4rung wurde die Methode der Selbstbewertung der Einrichtung sowie die Testmethoden f\u00fcr Barrierefreiheit mittels des Tools \u201eWAVE Web Accessibility Evaluation Tool\u201c verwendet.<\/p>\n<p><strong>Feedback und Kontaktinformationen<\/strong><\/p>\n<p>F\u00fcr R\u00fcckmeldungen oder zur Meldung etwaiger M\u00e4ngel gem\u00e4\u00df dem Gesetz \u00fcber die Barrierefreiheit von Websites und mobilen Anwendungen \u00f6ffentlicher Einrichtungen (NN 17\/19) und der Richtlinie (EU) 2016\/2102 k\u00f6nnen Sie Agro Millo unter folgender Adresse kontaktieren:<\/p>\n<p>Adresse: Baredine 16, 52460 Buje, Hrvatska<\/p>\n<p><strong>Verfahren zur \u00dcberwachung der Umsetzung der Vorschriften<\/strong><\/p>\n<p>Die \u00dcberwachung der Umsetzung des Gesetzes \u00fcber die Barrierefreiheit von Websites und mobilen Anwendungen \u00f6ffentlicher Einrichtungen (NN 17\/19) erfolgt durch den Informationsbeauftragten der Republik Kroatien.<\/p>\n<p>Die Inspektionsaufsicht f\u00fchren Inspektoren und andere autorisierte Mitarbeiter des B\u00fcros des Informationsbeauftragten durch.<\/p>\n<p>F\u00fcr die Aufsicht gelten die Bestimmungen des Gesetzes \u00fcber das Recht auf Zugang zu Informationen (NN 25\/13 und 85\/15).<\/p>\n<p>Bei unzufriedenstellenden Antworten auf R\u00fcckmeldungen oder Anfragen zur Barrierefreiheit dieser Webseite k\u00f6nnen sich Benutzer an den Informationsbeauftragten wenden:<\/p>\n<p>Telefon: +38552774256<br \/>\nPostanschrift: Baredine 16, 52460 Buje, Hrvatska<br \/>\nE-Mail: <a href=\"mailto:info@agro-millo.hr\">info@agro-millo.hr<\/a><\/p>\n<\/div><\/div><\/div><div class=\"fusion-layout-column fusion_builder_column fusion-builder-column-2 fusion_builder_column_1_6 1_6 fusion-flex-column\" style=\"--awb-bg-blend:overlay;--awb-bg-size:cover;--awb-width-large:16.666666666667%;--awb-margin-top-large:0px;--awb-spacing-right-large:11.52%;--awb-margin-bottom-large:20px;--awb-spacing-left-large:11.52%;--awb-width-medium:16.666666666667%;--awb-spacing-right-medium:11.52%;--awb-spacing-left-medium:11.52%;--awb-width-small:100%;--awb-spacing-right-small:1.92%;--awb-spacing-left-small:1.92%;\"><div class=\"fusion-column-wrapper fusion-flex-justify-content-flex-start fusion-content-layout-column\"><\/div><\/div><\/div><\/div>\n","protected":false},"excerpt":{"rendered":"","protected":false},"author":1,"featured_media":0,"parent":0,"menu_order":0,"comment_status":"closed","ping_status":"closed","template":"","meta":{"_acf_changed":false,"footnotes":""},"class_list":["post-3779","page","type-page","status-publish","hentry"],"acf":[],"yoast_head":"<!-- This site is optimized with the Yoast SEO plugin v27.3 - https:\/\/yoast.com\/product\/yoast-seo-wordpress\/ -->\n<title>Erkl\u00e4rung zur Barrierefreiheit - Agro Millo<\/title>\n<meta name=\"robots\" content=\"index, follow, max-snippet:-1, max-image-preview:large, max-video-preview:-1\" \/>\n<link rel=\"canonical\" href=\"https:\/\/agro-millo.hr\/de\/izjava-o-pristupacnosti\/\" \/>\n<meta property=\"og:locale\" content=\"de_DE\" \/>\n<meta property=\"og:type\" content=\"article\" \/>\n<meta property=\"og:title\" content=\"Erkl\u00e4rung zur Barrierefreiheit - Agro Millo\" \/>\n<meta property=\"og:url\" content=\"https:\/\/agro-millo.hr\/de\/izjava-o-pristupacnosti\/\" \/>\n<meta property=\"og:site_name\" content=\"Agro Millo\" \/>\n<meta property=\"article:publisher\" content=\"https:\/\/www.facebook.com\/agromillo\/\" \/>\n<meta property=\"article:modified_time\" content=\"2025-04-24T08:27:32+00:00\" \/>\n<meta name=\"twitter:card\" content=\"summary_large_image\" \/>\n<meta name=\"twitter:site\" content=\"@agromillo\" \/>\n<meta name=\"twitter:label1\" content=\"Gesch\u00e4tzte Lesezeit\" \/>\n\t<meta name=\"twitter:data1\" content=\"4\u00a0Minuten\" \/>\n<script type=\"application\/ld+json\" class=\"yoast-schema-graph\">{\"@context\":\"https:\\\/\\\/schema.org\",\"@graph\":[{\"@type\":\"WebPage\",\"@id\":\"https:\\\/\\\/agro-millo.hr\\\/de\\\/izjava-o-pristupacnosti\\\/\",\"url\":\"https:\\\/\\\/agro-millo.hr\\\/de\\\/izjava-o-pristupacnosti\\\/\",\"name\":\"Erkl\u00e4rung zur Barrierefreiheit - Agro Millo\",\"isPartOf\":{\"@id\":\"https:\\\/\\\/agro-millo.hr\\\/#website\"},\"datePublished\":\"2025-04-24T08:15:54+00:00\",\"dateModified\":\"2025-04-24T08:27:32+00:00\",\"breadcrumb\":{\"@id\":\"https:\\\/\\\/agro-millo.hr\\\/de\\\/izjava-o-pristupacnosti\\\/#breadcrumb\"},\"inLanguage\":\"de\",\"potentialAction\":[{\"@type\":\"ReadAction\",\"target\":[\"https:\\\/\\\/agro-millo.hr\\\/de\\\/izjava-o-pristupacnosti\\\/\"]}]},{\"@type\":\"BreadcrumbList\",\"@id\":\"https:\\\/\\\/agro-millo.hr\\\/de\\\/izjava-o-pristupacnosti\\\/#breadcrumb\",\"itemListElement\":[{\"@type\":\"ListItem\",\"position\":1,\"name\":\"Home\",\"item\":\"https:\\\/\\\/agro-millo.hr\\\/de\\\/\"},{\"@type\":\"ListItem\",\"position\":2,\"name\":\"Erkl\u00e4rung zur Barrierefreiheit\"}]},{\"@type\":\"WebSite\",\"@id\":\"https:\\\/\\\/agro-millo.hr\\\/#website\",\"url\":\"https:\\\/\\\/agro-millo.hr\\\/\",\"name\":\"Agro Millo\",\"description\":\"Extra Virgin Olive Oil\",\"publisher\":{\"@id\":\"https:\\\/\\\/agro-millo.hr\\\/#organization\"},\"potentialAction\":[{\"@type\":\"SearchAction\",\"target\":{\"@type\":\"EntryPoint\",\"urlTemplate\":\"https:\\\/\\\/agro-millo.hr\\\/?s={search_term_string}\"},\"query-input\":{\"@type\":\"PropertyValueSpecification\",\"valueRequired\":true,\"valueName\":\"search_term_string\"}}],\"inLanguage\":\"de\"},{\"@type\":\"Organization\",\"@id\":\"https:\\\/\\\/agro-millo.hr\\\/#organization\",\"name\":\"Agro Millo\",\"url\":\"https:\\\/\\\/agro-millo.hr\\\/\",\"logo\":{\"@type\":\"ImageObject\",\"inLanguage\":\"de\",\"@id\":\"https:\\\/\\\/agro-millo.hr\\\/#\\\/schema\\\/logo\\\/image\\\/\",\"url\":\"https:\\\/\\\/agro-millo.hr\\\/wp-content\\\/uploads\\\/2022\\\/05\\\/AG-LOGO-W-300-1.png\",\"contentUrl\":\"https:\\\/\\\/agro-millo.hr\\\/wp-content\\\/uploads\\\/2022\\\/05\\\/AG-LOGO-W-300-1.png\",\"width\":300,\"height\":300,\"caption\":\"Agro Millo\"},\"image\":{\"@id\":\"https:\\\/\\\/agro-millo.hr\\\/#\\\/schema\\\/logo\\\/image\\\/\"},\"sameAs\":[\"https:\\\/\\\/www.facebook.com\\\/agromillo\\\/\",\"https:\\\/\\\/x.com\\\/agromillo\",\"https:\\\/\\\/www.instagram.com\\\/agromillo\\\/?hl=en\"]}]}<\/script>\n<!-- \/ Yoast SEO plugin. -->","yoast_head_json":{"title":"Erkl\u00e4rung zur Barrierefreiheit - Agro Millo","robots":{"index":"index","follow":"follow","max-snippet":"max-snippet:-1","max-image-preview":"max-image-preview:large","max-video-preview":"max-video-preview:-1"},"canonical":"https:\/\/agro-millo.hr\/de\/izjava-o-pristupacnosti\/","og_locale":"de_DE","og_type":"article","og_title":"Erkl\u00e4rung zur Barrierefreiheit - Agro Millo","og_url":"https:\/\/agro-millo.hr\/de\/izjava-o-pristupacnosti\/","og_site_name":"Agro Millo","article_publisher":"https:\/\/www.facebook.com\/agromillo\/","article_modified_time":"2025-04-24T08:27:32+00:00","twitter_card":"summary_large_image","twitter_site":"@agromillo","twitter_misc":{"Gesch\u00e4tzte Lesezeit":"4\u00a0Minuten"},"schema":{"@context":"https:\/\/schema.org","@graph":[{"@type":"WebPage","@id":"https:\/\/agro-millo.hr\/de\/izjava-o-pristupacnosti\/","url":"https:\/\/agro-millo.hr\/de\/izjava-o-pristupacnosti\/","name":"Erkl\u00e4rung zur Barrierefreiheit - Agro Millo","isPartOf":{"@id":"https:\/\/agro-millo.hr\/#website"},"datePublished":"2025-04-24T08:15:54+00:00","dateModified":"2025-04-24T08:27:32+00:00","breadcrumb":{"@id":"https:\/\/agro-millo.hr\/de\/izjava-o-pristupacnosti\/#breadcrumb"},"inLanguage":"de","potentialAction":[{"@type":"ReadAction","target":["https:\/\/agro-millo.hr\/de\/izjava-o-pristupacnosti\/"]}]},{"@type":"BreadcrumbList","@id":"https:\/\/agro-millo.hr\/de\/izjava-o-pristupacnosti\/#breadcrumb","itemListElement":[{"@type":"ListItem","position":1,"name":"Home","item":"https:\/\/agro-millo.hr\/de\/"},{"@type":"ListItem","position":2,"name":"Erkl\u00e4rung zur Barrierefreiheit"}]},{"@type":"WebSite","@id":"https:\/\/agro-millo.hr\/#website","url":"https:\/\/agro-millo.hr\/","name":"Agro Millo","description":"Extra Virgin Olive Oil","publisher":{"@id":"https:\/\/agro-millo.hr\/#organization"},"potentialAction":[{"@type":"SearchAction","target":{"@type":"EntryPoint","urlTemplate":"https:\/\/agro-millo.hr\/?s={search_term_string}"},"query-input":{"@type":"PropertyValueSpecification","valueRequired":true,"valueName":"search_term_string"}}],"inLanguage":"de"},{"@type":"Organization","@id":"https:\/\/agro-millo.hr\/#organization","name":"Agro Millo","url":"https:\/\/agro-millo.hr\/","logo":{"@type":"ImageObject","inLanguage":"de","@id":"https:\/\/agro-millo.hr\/#\/schema\/logo\/image\/","url":"https:\/\/agro-millo.hr\/wp-content\/uploads\/2022\/05\/AG-LOGO-W-300-1.png","contentUrl":"https:\/\/agro-millo.hr\/wp-content\/uploads\/2022\/05\/AG-LOGO-W-300-1.png","width":300,"height":300,"caption":"Agro Millo"},"image":{"@id":"https:\/\/agro-millo.hr\/#\/schema\/logo\/image\/"},"sameAs":["https:\/\/www.facebook.com\/agromillo\/","https:\/\/x.com\/agromillo","https:\/\/www.instagram.com\/agromillo\/?hl=en"]}]}},"_links":{"self":[{"href":"https:\/\/agro-millo.hr\/de\/wp-json\/wp\/v2\/pages\/3779","targetHints":{"allow":["GET"]}}],"collection":[{"href":"https:\/\/agro-millo.hr\/de\/wp-json\/wp\/v2\/pages"}],"about":[{"href":"https:\/\/agro-millo.hr\/de\/wp-json\/wp\/v2\/types\/page"}],"author":[{"embeddable":true,"href":"https:\/\/agro-millo.hr\/de\/wp-json\/wp\/v2\/users\/1"}],"replies":[{"embeddable":true,"href":"https:\/\/agro-millo.hr\/de\/wp-json\/wp\/v2\/comments?post=3779"}],"version-history":[{"count":5,"href":"https:\/\/agro-millo.hr\/de\/wp-json\/wp\/v2\/pages\/3779\/revisions"}],"predecessor-version":[{"id":3788,"href":"https:\/\/agro-millo.hr\/de\/wp-json\/wp\/v2\/pages\/3779\/revisions\/3788"}],"wp:attachment":[{"href":"https:\/\/agro-millo.hr\/de\/wp-json\/wp\/v2\/media?parent=3779"}],"curies":[{"name":"wp","href":"https:\/\/api.w.org\/{rel}","templated":true}]}}