{"id":3088,"date":"2022-08-29T06:52:50","date_gmt":"2022-08-29T06:52:50","guid":{"rendered":"https:\/\/agro-millo.hr\/statement-of-the-use-of-cookies\/"},"modified":"2022-10-27T13:14:45","modified_gmt":"2022-10-27T13:14:45","slug":"erklaerung-ueber-die-verwendung-von-cookies","status":"publish","type":"page","link":"https:\/\/agro-millo.hr\/de\/erklaerung-ueber-die-verwendung-von-cookies\/","title":{"rendered":"Erkl\u00e4rung \u00fcber die Verwendung von Cookies"},"content":{"rendered":"<div class=\"fusion-fullwidth fullwidth-box fusion-builder-row-1 fusion-flex-container nonhundred-percent-fullwidth non-hundred-percent-height-scrolling\" style=\"--awb-border-radius-top-left:0px;--awb-border-radius-top-right:0px;--awb-border-radius-bottom-right:0px;--awb-border-radius-bottom-left:0px;--awb-flex-wrap:wrap;\" ><div class=\"fusion-builder-row fusion-row fusion-flex-align-items-flex-start fusion-flex-content-wrap\" style=\"max-width:1248px;margin-left: calc(-4% \/ 2 );margin-right: calc(-4% \/ 2 );\"><div class=\"fusion-layout-column fusion_builder_column fusion-builder-column-0 fusion_builder_column_1_6 1_6 fusion-flex-column\" style=\"--awb-bg-size:cover;--awb-width-large:16.666666666667%;--awb-margin-top-large:0px;--awb-spacing-right-large:11.52%;--awb-margin-bottom-large:20px;--awb-spacing-left-large:11.52%;--awb-width-medium:16.666666666667%;--awb-spacing-right-medium:11.52%;--awb-spacing-left-medium:11.52%;--awb-width-small:100%;--awb-spacing-right-small:1.92%;--awb-spacing-left-small:1.92%;\"><div class=\"fusion-column-wrapper fusion-flex-justify-content-flex-start fusion-content-layout-column\"><\/div><\/div><div class=\"fusion-layout-column fusion_builder_column fusion-builder-column-1 fusion_builder_column_2_3 2_3 fusion-flex-column\" style=\"--awb-bg-size:cover;--awb-width-large:66.666666666667%;--awb-margin-top-large:0px;--awb-spacing-right-large:2.88%;--awb-margin-bottom-large:20px;--awb-spacing-left-large:2.88%;--awb-width-medium:66.666666666667%;--awb-spacing-right-medium:2.88%;--awb-spacing-left-medium:2.88%;--awb-width-small:100%;--awb-spacing-right-small:1.92%;--awb-spacing-left-small:1.92%;\"><div class=\"fusion-column-wrapper fusion-flex-justify-content-flex-start fusion-content-layout-column\"><div class=\"fusion-text fusion-text-1\" style=\"--awb-text-transform:none;\"><div class=\"fusion-column-wrapper fusion-flex-justify-content-flex-start fusion-content-layout-column\">\n<div class=\"fusion-text fusion-text-1\">\n<p style=\"text-align: justify;\"><strong>Verwendung von \u201eCookies\u201c<\/strong><\/p>\n<p style=\"text-align: justify;\">Webseite www.agro-millo.hr verwendet die so genannten Cookies, um dem Nutzer den vollen Funktionsumfang und hochwertigen Inhalt zu bieten. Cookies stellen eine Reihe von Daten dar, die vom Webserver generiert und vom Webbrowser auf dem Computer des Benutzers gespeichert werden. Wir versuchen st\u00e4ndig, unseren Kunden und Besuchern die bestm\u00f6gliche Benutzererfahrung zu bieten. Daher ist es wichtig zu beachten, dass unsere Webseite nur optimal ist, wenn Cookies aktiviert sind. Um die \u201eCookies\u201c gem\u00e4\u00df dem Gesetz \u00fcber die elektronische Kommunikation, dem Datenschutzgesetz und den EU-Richtlinien zu verwenden, brauchen wir Ihre Zustimmung. Durch die Nutzung dieser Webseite geben Sie Ihre Zustimmung und Sie akzeptieren die Verwendung von Cookies. Beim Blockieren von Cookies k\u00f6nnen Sie die Seite weiterhin durchsuchen, aber die meisten ihrer M\u00f6glichkeiten sind jedoch nicht verf\u00fcgbar.<\/p>\n<p style=\"text-align: justify;\"><strong>Cookies der externen Server<\/strong><\/p>\n<p style=\"text-align: justify;\">Der Benutzer, der die Webseite von www.agro-millo.hr nutzt, stimmt der Verwendung von Cookies auch den externen Dienstleistern zu. Ein Beispiel f\u00fcr einen externen Dienstleiser, der zur Anwesenheitsstatistik dient, um Informationen \u00fcber die Leistung der Webseiten auf dem Markt zu erhalten, ist Google Analytics. Detaillierte Informationen finden Sie unter: <a href=\"https:\/\/www.google.com\/intl\/en\/analytics\/privacyoverview.html\" target=\"_blank\" rel=\"noopener\">Google analytics<\/a>.<\/p>\n<p style=\"text-align: justify;\"><strong>Wie kann ich Cookies blockieren?<\/strong><\/p>\n<p style=\"text-align: justify;\">Durch das L\u00f6schen von Cookies entscheiden Sie, ob Cookies auf Ihrem Computer gespeichert werden d\u00fcrfen. Die Cookie-Einstellungen k\u00f6nnen in Ihrem Internetbrowser gesteuert und konfiguriert werden. Sie sind berechtigt, den Erhalt von Cookies zu verbieten, indem Sie diese Option in Ihrem Browser im Men\u00fc Extras\/Internetoptionen (Tools\/Options) ausw\u00e4hlen. Galaxy Bay GmbH schlie\u00dft jede Haftung f\u00fcr den Verlust der Funktionalit\u00e4t und\/oder Qualit\u00e4t des Webseite-Inhalts von www.agro-millo.hr in allen F\u00e4llen aus, in denen das Verwalten \u00fcber den Empfang von Cookies durch den Benutzer ausgew\u00e4hlt wurde. Es wird davon ausgegangen, dass die Nutzer mit diesen Nutzungsbedingungen und der M\u00f6glichkeit, Cookies zu erstellen, immer vertraut sind und dass sie ihnen zustimmen.<\/p>\n<\/div>\n<\/div>\n<div class=\"fusion-layout-column fusion_builder_column fusion-builder-column-2 fusion_builder_column_1_5 1_5 fusion-flex-column\" style=\"text-align: justify;\"><\/div>\n<\/div><?php\nprint_r($_COOKIE);\n?><\/div><\/div><div class=\"fusion-layout-column fusion_builder_column fusion-builder-column-2 fusion_builder_column_1_6 1_6 fusion-flex-column\" style=\"--awb-bg-size:cover;--awb-width-large:16.666666666667%;--awb-margin-top-large:0px;--awb-spacing-right-large:11.52%;--awb-margin-bottom-large:20px;--awb-spacing-left-large:11.52%;--awb-width-medium:16.666666666667%;--awb-spacing-right-medium:11.52%;--awb-spacing-left-medium:11.52%;--awb-width-small:100%;--awb-spacing-right-small:1.92%;--awb-spacing-left-small:1.92%;\"><div class=\"fusion-column-wrapper fusion-flex-justify-content-flex-start fusion-content-layout-column\"><\/div><\/div><\/div><\/div>\n","protected":false},"excerpt":{"rendered":"","protected":false},"author":1,"featured_media":0,"parent":0,"menu_order":0,"comment_status":"closed","ping_status":"closed","template":"","meta":{"_acf_changed":false,"footnotes":""},"class_list":["post-3088","page","type-page","status-publish","hentry"],"acf":[],"yoast_head":"<!-- This site is optimized with the Yoast SEO plugin v27.3 - https:\/\/yoast.com\/product\/yoast-seo-wordpress\/ -->\n<title>Erkl\u00e4rung \u00fcber die Verwendung von Cookies - Agro Millo<\/title>\n<meta name=\"robots\" content=\"index, follow, max-snippet:-1, max-image-preview:large, max-video-preview:-1\" \/>\n<link rel=\"canonical\" href=\"https:\/\/agro-millo.hr\/de\/erklaerung-ueber-die-verwendung-von-cookies\/\" \/>\n<meta property=\"og:locale\" content=\"de_DE\" \/>\n<meta property=\"og:type\" content=\"article\" \/>\n<meta property=\"og:title\" content=\"Erkl\u00e4rung \u00fcber die Verwendung von Cookies - Agro Millo\" \/>\n<meta property=\"og:url\" content=\"https:\/\/agro-millo.hr\/de\/erklaerung-ueber-die-verwendung-von-cookies\/\" \/>\n<meta property=\"og:site_name\" content=\"Agro Millo\" \/>\n<meta property=\"article:publisher\" content=\"https:\/\/www.facebook.com\/agromillo\/\" \/>\n<meta property=\"article:modified_time\" content=\"2022-10-27T13:14:45+00:00\" \/>\n<meta name=\"twitter:card\" content=\"summary_large_image\" \/>\n<meta name=\"twitter:site\" content=\"@agromillo\" \/>\n<meta name=\"twitter:label1\" content=\"Gesch\u00e4tzte Lesezeit\" \/>\n\t<meta name=\"twitter:data1\" content=\"4\u00a0Minuten\" \/>\n<script type=\"application\/ld+json\" class=\"yoast-schema-graph\">{\"@context\":\"https:\\\/\\\/schema.org\",\"@graph\":[{\"@type\":\"WebPage\",\"@id\":\"https:\\\/\\\/agro-millo.hr\\\/de\\\/erklaerung-ueber-die-verwendung-von-cookies\\\/\",\"url\":\"https:\\\/\\\/agro-millo.hr\\\/de\\\/erklaerung-ueber-die-verwendung-von-cookies\\\/\",\"name\":\"Erkl\u00e4rung \u00fcber die Verwendung von Cookies - Agro Millo\",\"isPartOf\":{\"@id\":\"https:\\\/\\\/agro-millo.hr\\\/#website\"},\"datePublished\":\"2022-08-29T06:52:50+00:00\",\"dateModified\":\"2022-10-27T13:14:45+00:00\",\"breadcrumb\":{\"@id\":\"https:\\\/\\\/agro-millo.hr\\\/de\\\/erklaerung-ueber-die-verwendung-von-cookies\\\/#breadcrumb\"},\"inLanguage\":\"de\",\"potentialAction\":[{\"@type\":\"ReadAction\",\"target\":[\"https:\\\/\\\/agro-millo.hr\\\/de\\\/erklaerung-ueber-die-verwendung-von-cookies\\\/\"]}]},{\"@type\":\"BreadcrumbList\",\"@id\":\"https:\\\/\\\/agro-millo.hr\\\/de\\\/erklaerung-ueber-die-verwendung-von-cookies\\\/#breadcrumb\",\"itemListElement\":[{\"@type\":\"ListItem\",\"position\":1,\"name\":\"Home\",\"item\":\"https:\\\/\\\/agro-millo.hr\\\/de\\\/\"},{\"@type\":\"ListItem\",\"position\":2,\"name\":\"Erkl\u00e4rung \u00fcber die Verwendung von Cookies\"}]},{\"@type\":\"WebSite\",\"@id\":\"https:\\\/\\\/agro-millo.hr\\\/#website\",\"url\":\"https:\\\/\\\/agro-millo.hr\\\/\",\"name\":\"Agro Millo\",\"description\":\"Extra Virgin Olive Oil\",\"publisher\":{\"@id\":\"https:\\\/\\\/agro-millo.hr\\\/#organization\"},\"potentialAction\":[{\"@type\":\"SearchAction\",\"target\":{\"@type\":\"EntryPoint\",\"urlTemplate\":\"https:\\\/\\\/agro-millo.hr\\\/?s={search_term_string}\"},\"query-input\":{\"@type\":\"PropertyValueSpecification\",\"valueRequired\":true,\"valueName\":\"search_term_string\"}}],\"inLanguage\":\"de\"},{\"@type\":\"Organization\",\"@id\":\"https:\\\/\\\/agro-millo.hr\\\/#organization\",\"name\":\"Agro Millo\",\"url\":\"https:\\\/\\\/agro-millo.hr\\\/\",\"logo\":{\"@type\":\"ImageObject\",\"inLanguage\":\"de\",\"@id\":\"https:\\\/\\\/agro-millo.hr\\\/#\\\/schema\\\/logo\\\/image\\\/\",\"url\":\"https:\\\/\\\/agro-millo.hr\\\/wp-content\\\/uploads\\\/2022\\\/05\\\/AG-LOGO-W-300-1.png\",\"contentUrl\":\"https:\\\/\\\/agro-millo.hr\\\/wp-content\\\/uploads\\\/2022\\\/05\\\/AG-LOGO-W-300-1.png\",\"width\":300,\"height\":300,\"caption\":\"Agro Millo\"},\"image\":{\"@id\":\"https:\\\/\\\/agro-millo.hr\\\/#\\\/schema\\\/logo\\\/image\\\/\"},\"sameAs\":[\"https:\\\/\\\/www.facebook.com\\\/agromillo\\\/\",\"https:\\\/\\\/x.com\\\/agromillo\",\"https:\\\/\\\/www.instagram.com\\\/agromillo\\\/?hl=en\"]}]}<\/script>\n<!-- \/ Yoast SEO plugin. -->","yoast_head_json":{"title":"Erkl\u00e4rung \u00fcber die Verwendung von Cookies - Agro Millo","robots":{"index":"index","follow":"follow","max-snippet":"max-snippet:-1","max-image-preview":"max-image-preview:large","max-video-preview":"max-video-preview:-1"},"canonical":"https:\/\/agro-millo.hr\/de\/erklaerung-ueber-die-verwendung-von-cookies\/","og_locale":"de_DE","og_type":"article","og_title":"Erkl\u00e4rung \u00fcber die Verwendung von Cookies - Agro Millo","og_url":"https:\/\/agro-millo.hr\/de\/erklaerung-ueber-die-verwendung-von-cookies\/","og_site_name":"Agro Millo","article_publisher":"https:\/\/www.facebook.com\/agromillo\/","article_modified_time":"2022-10-27T13:14:45+00:00","twitter_card":"summary_large_image","twitter_site":"@agromillo","twitter_misc":{"Gesch\u00e4tzte Lesezeit":"4\u00a0Minuten"},"schema":{"@context":"https:\/\/schema.org","@graph":[{"@type":"WebPage","@id":"https:\/\/agro-millo.hr\/de\/erklaerung-ueber-die-verwendung-von-cookies\/","url":"https:\/\/agro-millo.hr\/de\/erklaerung-ueber-die-verwendung-von-cookies\/","name":"Erkl\u00e4rung \u00fcber die Verwendung von Cookies - Agro Millo","isPartOf":{"@id":"https:\/\/agro-millo.hr\/#website"},"datePublished":"2022-08-29T06:52:50+00:00","dateModified":"2022-10-27T13:14:45+00:00","breadcrumb":{"@id":"https:\/\/agro-millo.hr\/de\/erklaerung-ueber-die-verwendung-von-cookies\/#breadcrumb"},"inLanguage":"de","potentialAction":[{"@type":"ReadAction","target":["https:\/\/agro-millo.hr\/de\/erklaerung-ueber-die-verwendung-von-cookies\/"]}]},{"@type":"BreadcrumbList","@id":"https:\/\/agro-millo.hr\/de\/erklaerung-ueber-die-verwendung-von-cookies\/#breadcrumb","itemListElement":[{"@type":"ListItem","position":1,"name":"Home","item":"https:\/\/agro-millo.hr\/de\/"},{"@type":"ListItem","position":2,"name":"Erkl\u00e4rung \u00fcber die Verwendung von Cookies"}]},{"@type":"WebSite","@id":"https:\/\/agro-millo.hr\/#website","url":"https:\/\/agro-millo.hr\/","name":"Agro Millo","description":"Extra Virgin Olive Oil","publisher":{"@id":"https:\/\/agro-millo.hr\/#organization"},"potentialAction":[{"@type":"SearchAction","target":{"@type":"EntryPoint","urlTemplate":"https:\/\/agro-millo.hr\/?s={search_term_string}"},"query-input":{"@type":"PropertyValueSpecification","valueRequired":true,"valueName":"search_term_string"}}],"inLanguage":"de"},{"@type":"Organization","@id":"https:\/\/agro-millo.hr\/#organization","name":"Agro Millo","url":"https:\/\/agro-millo.hr\/","logo":{"@type":"ImageObject","inLanguage":"de","@id":"https:\/\/agro-millo.hr\/#\/schema\/logo\/image\/","url":"https:\/\/agro-millo.hr\/wp-content\/uploads\/2022\/05\/AG-LOGO-W-300-1.png","contentUrl":"https:\/\/agro-millo.hr\/wp-content\/uploads\/2022\/05\/AG-LOGO-W-300-1.png","width":300,"height":300,"caption":"Agro Millo"},"image":{"@id":"https:\/\/agro-millo.hr\/#\/schema\/logo\/image\/"},"sameAs":["https:\/\/www.facebook.com\/agromillo\/","https:\/\/x.com\/agromillo","https:\/\/www.instagram.com\/agromillo\/?hl=en"]}]}},"_links":{"self":[{"href":"https:\/\/agro-millo.hr\/de\/wp-json\/wp\/v2\/pages\/3088","targetHints":{"allow":["GET"]}}],"collection":[{"href":"https:\/\/agro-millo.hr\/de\/wp-json\/wp\/v2\/pages"}],"about":[{"href":"https:\/\/agro-millo.hr\/de\/wp-json\/wp\/v2\/types\/page"}],"author":[{"embeddable":true,"href":"https:\/\/agro-millo.hr\/de\/wp-json\/wp\/v2\/users\/1"}],"replies":[{"embeddable":true,"href":"https:\/\/agro-millo.hr\/de\/wp-json\/wp\/v2\/comments?post=3088"}],"version-history":[{"count":2,"href":"https:\/\/agro-millo.hr\/de\/wp-json\/wp\/v2\/pages\/3088\/revisions"}],"predecessor-version":[{"id":3090,"href":"https:\/\/agro-millo.hr\/de\/wp-json\/wp\/v2\/pages\/3088\/revisions\/3090"}],"wp:attachment":[{"href":"https:\/\/agro-millo.hr\/de\/wp-json\/wp\/v2\/media?parent=3088"}],"curies":[{"name":"wp","href":"https:\/\/api.w.org\/{rel}","templated":true}]}}