{"id":3023,"date":"2022-08-23T10:47:23","date_gmt":"2022-08-23T10:47:23","guid":{"rendered":"https:\/\/agro-millo.hr\/about-us\/"},"modified":"2022-10-28T12:29:03","modified_gmt":"2022-10-28T12:29:03","slug":"ueber-uns","status":"publish","type":"page","link":"https:\/\/agro-millo.hr\/de\/ueber-uns\/","title":{"rendered":"\u00dcber uns"},"content":{"rendered":"<div class=\"fusion-fullwidth fullwidth-box fusion-builder-row-1 fusion-flex-container has-pattern-background has-mask-background nonhundred-percent-fullwidth non-hundred-percent-height-scrolling\" style=\"--awb-background-position:right bottom;--awb-background-repeat:repeat-y;--awb-border-radius-top-left:0px;--awb-border-radius-top-right:0px;--awb-border-radius-bottom-right:0px;--awb-border-radius-bottom-left:0px;--awb-margin-top:40px;--awb-flex-wrap:wrap;\" ><div class=\"fusion-builder-row fusion-row fusion-flex-align-items-flex-start fusion-flex-content-wrap\" style=\"max-width:1248px;margin-left: calc(-4% \/ 2 );margin-right: calc(-4% \/ 2 );\"><div class=\"fusion-layout-column fusion_builder_column fusion-builder-column-0 fusion_builder_column_1_1 1_1 fusion-flex-column\" style=\"--awb-bg-size:cover;--awb-width-large:100%;--awb-margin-top-large:0px;--awb-spacing-right-large:1.92%;--awb-margin-bottom-large:20px;--awb-spacing-left-large:1.92%;--awb-width-medium:100%;--awb-order-medium:0;--awb-spacing-right-medium:1.92%;--awb-spacing-left-medium:1.92%;--awb-width-small:100%;--awb-order-small:0;--awb-spacing-right-small:1.92%;--awb-spacing-left-small:1.92%;\"><div class=\"fusion-column-wrapper fusion-column-has-shadow fusion-flex-justify-content-flex-start fusion-content-layout-column\"><div class=\"fusion-title title fusion-title-1 fusion-sep-none fusion-title-center fusion-title-text fusion-title-size-two home_title_mobile\" style=\"--awb-margin-top:0px;--awb-margin-top-small:10px;--awb-margin-right-small:0px;--awb-margin-bottom-small:10px;--awb-margin-left-small:0px;\"><h2 class=\"fusion-title-heading title-heading-center\" style=\"margin:0;text-transform:uppercase;\">\u00dcber uns<\/h2><\/div><div class=\"fusion-separator fusion-no-medium-visibility fusion-no-large-visibility fusion-full-width-sep\" style=\"align-self: center;margin-left: auto;margin-right: auto;margin-bottom:-30px;width:100%;\"><\/div><\/div><\/div><div class=\"fusion-layout-column fusion_builder_column fusion-builder-column-1 fusion_builder_column_1_1 1_1 fusion-flex-column fusion-flex-align-self-center\" style=\"--awb-padding-left:15x;--awb-bg-size:cover;--awb-width-large:100%;--awb-margin-top-large:0px;--awb-spacing-right-large:1.92%;--awb-margin-bottom-large:0px;--awb-spacing-left-large:1.92%;--awb-width-medium:50%;--awb-order-medium:0;--awb-spacing-right-medium:3.84%;--awb-spacing-left-medium:3.84%;--awb-width-small:100%;--awb-order-small:0;--awb-margin-top-small:40px;--awb-spacing-right-small:1.92%;--awb-spacing-left-small:1.92%;\"><div class=\"fusion-column-wrapper fusion-column-has-shadow fusion-flex-justify-content-flex-start fusion-content-layout-column\"><div class=\"fusion-text fusion-text-1\" style=\"--awb-text-transform:none;\"><p style=\"text-align: justify;\">Die Geschichte unserer Oliven\u00f6lm\u00fchle ist eine der Erneuerung. Die M\u00fchle befindet sich in der kleinen Siedlung Baredine in Istrien und war bis 1943 eine funktionierende M\u00fchle, danach stand sie ein halbes Jahrhundert still. Dann, nach f\u00fcnfzig Jahren, kam uns der Gedanke, dass wir den Traditionsbetrieb unserer Familie in unserer Gegend wiederbeleben k\u00f6nnten, wenn auch auf ganz moderne Art und Weise.\u2028So hat unsere Familie aus Liebe zu den Oliven und dem Oliven\u00f6l professionell und verantwortungsvoll den Grundstein f\u00fcr einen neuen, modernen istrischen Olivenanbau- und M\u00fchlenbetrieb gelegt.\u2028In der alten M\u00fchle wurde der gro\u00dfe Mahlstein von einem Pferd gedreht. Langj\u00e4hrige Traditionen in der Oliven\u00f6lproduktion waren die Norm, als wir anfingen.<\/p>\n<p style=\"text-align: justify;\">Die Agro-Millo Olivenm\u00fchle setzte neue Ma\u00dfst\u00e4be und revolutionierte die Produktion, indem sie neue Technologien f\u00fcr die Olivenverarbeitung, neue Prinzipien f\u00fcr die Ernte, das Mahlen am selben Tag und die Lagerung in speziellen Edelstahlf\u00e4ssern einf\u00fchrte, bis unser hochwertiges natives Oliven\u00f6l extra abgef\u00fcllt wird. Im Laufe der Jahre haben wir die Kapazit\u00e4t der M\u00fchle erh\u00f6ht und unsere Olivenhaine stark erweitert. Die M\u00fchle ist f\u00fcr die Herstellung von Bio-Oliven\u00f6l zertifiziert.<\/p>\n<\/div><\/div><\/div><div class=\"fusion-layout-column fusion_builder_column fusion-builder-column-2 fusion_builder_column_1_1 1_1 fusion-flex-column\" style=\"--awb-bg-size:cover;--awb-width-large:100%;--awb-margin-top-large:0px;--awb-spacing-right-large:1.92%;--awb-margin-bottom-large:20px;--awb-spacing-left-large:1.92%;--awb-width-medium:100%;--awb-order-medium:0;--awb-spacing-right-medium:1.92%;--awb-spacing-left-medium:1.92%;--awb-width-small:100%;--awb-order-small:0;--awb-spacing-right-small:1.92%;--awb-spacing-left-small:1.92%;\"><div class=\"fusion-column-wrapper fusion-column-has-shadow fusion-flex-justify-content-flex-start fusion-content-layout-column\"><div class=\"fusion-text fusion-text-2\"><p style=\"text-align: justify;\">Anfangs standen die lokalen Olivenbauern den Innovationen skeptisch gegen\u00fcber, aber bald brachten sie alle ihre Oliven zur Verarbeitung zu uns. Dies trotz gro\u00dfer Entfernungen, trotz der schmalen, steilen Stra\u00dfe, die bis auf 220 Meter \u00fcber dem Meeresspiegel ansteigt, trotz des damals daraus resultierenden langen Staus. Die Olivenbauern warteten geduldig stundenlang, bis sie mit dem Mahlen an der Reihe waren. Viele von ihnen wurden bei Wettbewerben in New York, Tokio, Paris und Rom mit Goldmedaillen belohnt, und einige haben jetzt ihre eigenen modernen, pr\u00e4chtigen \u00d6lm\u00fchlen. Bis heute sprechen sie mit Dankbarkeit und Respekt \u00fcber Valter Smilovi\u0107, die treibende Kraft des Familienprojekts, weil sie so viel von ihm gelernt haben.<\/p>\n<p style=\"text-align: justify;\">Die Agro-Millo-M\u00fchle war die erste, die ohne Zugabe von Wasser kaltgepresst wurde. Diese Technologie stellte sicher, dass das Oliven\u00f6l von hoher Qualit\u00e4t und reich an N\u00e4hrstoffen ist. Unser Ziel war es schon immer, natives Oliven\u00f6l extra von h\u00f6chster Qualit\u00e4t herzustellen. Dank dieser Produktions- und Verarbeitungsprinzipien, die damals als gewagt galten, ist Istrien zur f\u00fchrenden Region f\u00fcr wirklich hochwertige native Oliven\u00f6le geworden.<\/p>\n<\/div><\/div><\/div><div class=\"fusion-layout-column fusion_builder_column fusion-builder-column-3 fusion_builder_column_1_1 1_1 fusion-flex-column\" style=\"--awb-bg-size:cover;--awb-width-large:100%;--awb-margin-top-large:0px;--awb-spacing-right-large:1.92%;--awb-margin-bottom-large:20px;--awb-spacing-left-large:1.92%;--awb-width-medium:100%;--awb-order-medium:0;--awb-spacing-right-medium:1.92%;--awb-spacing-left-medium:1.92%;--awb-width-small:100%;--awb-order-small:0;--awb-spacing-right-small:1.92%;--awb-spacing-left-small:1.92%;\"><div class=\"fusion-column-wrapper fusion-column-has-shadow fusion-flex-justify-content-flex-start fusion-content-layout-column\"><div class=\"awb-gallery-wrapper awb-gallery-wrapper-1 button-span-no\"><div style=\"margin:-5px;--awb-bordersize:0px;\" class=\"fusion-gallery fusion-gallery-container fusion-grid-2 fusion-columns-total-2 fusion-gallery-layout-grid fusion-gallery-1\"><div style=\"padding:5px;\" class=\"fusion-grid-column fusion-gallery-column fusion-gallery-column-2 hover-type-none\"><div class=\"fusion-gallery-image\"><a href=\"https:\/\/agro-millo.hr\/wp-content\/uploads\/2022\/08\/Agro_Millo_4.jpg\" rel=\"noreferrer\" data-rel=\"iLightbox[gallery_image_1]\" class=\"fusion-lightbox\" target=\"_self\"><img decoding=\"async\" src=\"https:\/\/agro-millo.hr\/wp-content\/uploads\/2022\/08\/Agro_Millo_4.jpg\" data-orig-src=\"https:\/\/agro-millo.hr\/wp-content\/uploads\/2022\/08\/Agro_Millo_4.jpg\" width=\"1000\" height=\"667\" alt=\"\" title=\"Agro Millo About us\" aria-label=\"Agro Millo About us\" class=\"lazyload img-responsive wp-image-2536\" srcset=\"data:image\/svg+xml,%3Csvg%20xmlns%3D%27http%3A%2F%2Fwww.w3.org%2F2000%2Fsvg%27%20width%3D%271000%27%20height%3D%27667%27%20viewBox%3D%270%200%201000%20667%27%3E%3Crect%20width%3D%271000%27%20height%3D%27667%27%20fill-opacity%3D%220%22%2F%3E%3C%2Fsvg%3E\" data-srcset=\"https:\/\/agro-millo.hr\/wp-content\/uploads\/2022\/08\/Agro_Millo_4-200x133.jpg 200w, https:\/\/agro-millo.hr\/wp-content\/uploads\/2022\/08\/Agro_Millo_4-400x267.jpg 400w, https:\/\/agro-millo.hr\/wp-content\/uploads\/2022\/08\/Agro_Millo_4-600x400.jpg 600w, https:\/\/agro-millo.hr\/wp-content\/uploads\/2022\/08\/Agro_Millo_4-800x534.jpg 800w, https:\/\/agro-millo.hr\/wp-content\/uploads\/2022\/08\/Agro_Millo_4.jpg 1000w\" data-sizes=\"auto\" data-orig-sizes=\"(min-width: 2200px) 100vw, (min-width: 712px) 598px, (min-width: 640px) 712px, \" \/><\/a><\/div><\/div><div style=\"padding:5px;\" class=\"fusion-grid-column fusion-gallery-column fusion-gallery-column-2 hover-type-none\"><div class=\"fusion-gallery-image\"><a href=\"https:\/\/agro-millo.hr\/wp-content\/uploads\/2022\/08\/Agro_Millo_5.jpg\" rel=\"noreferrer\" data-rel=\"iLightbox[gallery_image_1]\" class=\"fusion-lightbox\" target=\"_self\"><img decoding=\"async\" src=\"https:\/\/agro-millo.hr\/wp-content\/uploads\/2022\/08\/Agro_Millo_5.jpg\" data-orig-src=\"https:\/\/agro-millo.hr\/wp-content\/uploads\/2022\/08\/Agro_Millo_5.jpg\" width=\"1000\" height=\"667\" alt=\"\" title=\"Agro Millo About us\" aria-label=\"Agro Millo About us\" class=\"lazyload img-responsive wp-image-2543\" srcset=\"data:image\/svg+xml,%3Csvg%20xmlns%3D%27http%3A%2F%2Fwww.w3.org%2F2000%2Fsvg%27%20width%3D%271000%27%20height%3D%27667%27%20viewBox%3D%270%200%201000%20667%27%3E%3Crect%20width%3D%271000%27%20height%3D%27667%27%20fill-opacity%3D%220%22%2F%3E%3C%2Fsvg%3E\" data-srcset=\"https:\/\/agro-millo.hr\/wp-content\/uploads\/2022\/08\/Agro_Millo_5-200x133.jpg 200w, https:\/\/agro-millo.hr\/wp-content\/uploads\/2022\/08\/Agro_Millo_5-400x267.jpg 400w, https:\/\/agro-millo.hr\/wp-content\/uploads\/2022\/08\/Agro_Millo_5-600x400.jpg 600w, https:\/\/agro-millo.hr\/wp-content\/uploads\/2022\/08\/Agro_Millo_5-800x534.jpg 800w, https:\/\/agro-millo.hr\/wp-content\/uploads\/2022\/08\/Agro_Millo_5.jpg 1000w\" data-sizes=\"auto\" data-orig-sizes=\"(min-width: 2200px) 100vw, (min-width: 712px) 598px, (min-width: 640px) 712px, \" \/><\/a><\/div><\/div><div class=\"clearfix\"><\/div><\/div><\/div><\/div><\/div><\/div><\/div>\n","protected":false},"excerpt":{"rendered":"","protected":false},"author":1,"featured_media":0,"parent":0,"menu_order":0,"comment_status":"closed","ping_status":"closed","template":"100-width.php","meta":{"_acf_changed":false,"footnotes":""},"class_list":["post-3023","page","type-page","status-publish","hentry"],"acf":[],"yoast_head":"<!-- This site is optimized with the Yoast SEO plugin v27.3 - https:\/\/yoast.com\/product\/yoast-seo-wordpress\/ -->\n<title>\u00dcber uns - Agro Millo<\/title>\n<meta name=\"robots\" content=\"index, follow, max-snippet:-1, max-image-preview:large, max-video-preview:-1\" \/>\n<link rel=\"canonical\" href=\"https:\/\/agro-millo.hr\/de\/ueber-uns\/\" \/>\n<meta property=\"og:locale\" content=\"de_DE\" \/>\n<meta property=\"og:type\" content=\"article\" \/>\n<meta property=\"og:title\" content=\"\u00dcber uns - Agro Millo\" \/>\n<meta property=\"og:url\" content=\"https:\/\/agro-millo.hr\/de\/ueber-uns\/\" \/>\n<meta property=\"og:site_name\" content=\"Agro Millo\" \/>\n<meta property=\"article:publisher\" content=\"https:\/\/www.facebook.com\/agromillo\/\" \/>\n<meta property=\"article:modified_time\" content=\"2022-10-28T12:29:03+00:00\" \/>\n<meta name=\"twitter:card\" content=\"summary_large_image\" \/>\n<meta name=\"twitter:site\" content=\"@agromillo\" \/>\n<meta name=\"twitter:label1\" content=\"Gesch\u00e4tzte Lesezeit\" \/>\n\t<meta name=\"twitter:data1\" content=\"12\u00a0Minuten\" \/>\n<script type=\"application\/ld+json\" class=\"yoast-schema-graph\">{\"@context\":\"https:\\\/\\\/schema.org\",\"@graph\":[{\"@type\":\"WebPage\",\"@id\":\"https:\\\/\\\/agro-millo.hr\\\/de\\\/ueber-uns\\\/\",\"url\":\"https:\\\/\\\/agro-millo.hr\\\/de\\\/ueber-uns\\\/\",\"name\":\"\u00dcber uns - Agro Millo\",\"isPartOf\":{\"@id\":\"https:\\\/\\\/agro-millo.hr\\\/#website\"},\"datePublished\":\"2022-08-23T10:47:23+00:00\",\"dateModified\":\"2022-10-28T12:29:03+00:00\",\"breadcrumb\":{\"@id\":\"https:\\\/\\\/agro-millo.hr\\\/de\\\/ueber-uns\\\/#breadcrumb\"},\"inLanguage\":\"de\",\"potentialAction\":[{\"@type\":\"ReadAction\",\"target\":[\"https:\\\/\\\/agro-millo.hr\\\/de\\\/ueber-uns\\\/\"]}]},{\"@type\":\"BreadcrumbList\",\"@id\":\"https:\\\/\\\/agro-millo.hr\\\/de\\\/ueber-uns\\\/#breadcrumb\",\"itemListElement\":[{\"@type\":\"ListItem\",\"position\":1,\"name\":\"Home\",\"item\":\"https:\\\/\\\/agro-millo.hr\\\/de\\\/\"},{\"@type\":\"ListItem\",\"position\":2,\"name\":\"\u00dcber uns\"}]},{\"@type\":\"WebSite\",\"@id\":\"https:\\\/\\\/agro-millo.hr\\\/#website\",\"url\":\"https:\\\/\\\/agro-millo.hr\\\/\",\"name\":\"Agro Millo\",\"description\":\"Extra Virgin Olive Oil\",\"publisher\":{\"@id\":\"https:\\\/\\\/agro-millo.hr\\\/#organization\"},\"potentialAction\":[{\"@type\":\"SearchAction\",\"target\":{\"@type\":\"EntryPoint\",\"urlTemplate\":\"https:\\\/\\\/agro-millo.hr\\\/?s={search_term_string}\"},\"query-input\":{\"@type\":\"PropertyValueSpecification\",\"valueRequired\":true,\"valueName\":\"search_term_string\"}}],\"inLanguage\":\"de\"},{\"@type\":\"Organization\",\"@id\":\"https:\\\/\\\/agro-millo.hr\\\/#organization\",\"name\":\"Agro Millo\",\"url\":\"https:\\\/\\\/agro-millo.hr\\\/\",\"logo\":{\"@type\":\"ImageObject\",\"inLanguage\":\"de\",\"@id\":\"https:\\\/\\\/agro-millo.hr\\\/#\\\/schema\\\/logo\\\/image\\\/\",\"url\":\"https:\\\/\\\/agro-millo.hr\\\/wp-content\\\/uploads\\\/2022\\\/05\\\/AG-LOGO-W-300-1.png\",\"contentUrl\":\"https:\\\/\\\/agro-millo.hr\\\/wp-content\\\/uploads\\\/2022\\\/05\\\/AG-LOGO-W-300-1.png\",\"width\":300,\"height\":300,\"caption\":\"Agro Millo\"},\"image\":{\"@id\":\"https:\\\/\\\/agro-millo.hr\\\/#\\\/schema\\\/logo\\\/image\\\/\"},\"sameAs\":[\"https:\\\/\\\/www.facebook.com\\\/agromillo\\\/\",\"https:\\\/\\\/x.com\\\/agromillo\",\"https:\\\/\\\/www.instagram.com\\\/agromillo\\\/?hl=en\"]}]}<\/script>\n<!-- \/ Yoast SEO plugin. -->","yoast_head_json":{"title":"\u00dcber uns - Agro Millo","robots":{"index":"index","follow":"follow","max-snippet":"max-snippet:-1","max-image-preview":"max-image-preview:large","max-video-preview":"max-video-preview:-1"},"canonical":"https:\/\/agro-millo.hr\/de\/ueber-uns\/","og_locale":"de_DE","og_type":"article","og_title":"\u00dcber uns - Agro Millo","og_url":"https:\/\/agro-millo.hr\/de\/ueber-uns\/","og_site_name":"Agro Millo","article_publisher":"https:\/\/www.facebook.com\/agromillo\/","article_modified_time":"2022-10-28T12:29:03+00:00","twitter_card":"summary_large_image","twitter_site":"@agromillo","twitter_misc":{"Gesch\u00e4tzte Lesezeit":"12\u00a0Minuten"},"schema":{"@context":"https:\/\/schema.org","@graph":[{"@type":"WebPage","@id":"https:\/\/agro-millo.hr\/de\/ueber-uns\/","url":"https:\/\/agro-millo.hr\/de\/ueber-uns\/","name":"\u00dcber uns - Agro Millo","isPartOf":{"@id":"https:\/\/agro-millo.hr\/#website"},"datePublished":"2022-08-23T10:47:23+00:00","dateModified":"2022-10-28T12:29:03+00:00","breadcrumb":{"@id":"https:\/\/agro-millo.hr\/de\/ueber-uns\/#breadcrumb"},"inLanguage":"de","potentialAction":[{"@type":"ReadAction","target":["https:\/\/agro-millo.hr\/de\/ueber-uns\/"]}]},{"@type":"BreadcrumbList","@id":"https:\/\/agro-millo.hr\/de\/ueber-uns\/#breadcrumb","itemListElement":[{"@type":"ListItem","position":1,"name":"Home","item":"https:\/\/agro-millo.hr\/de\/"},{"@type":"ListItem","position":2,"name":"\u00dcber uns"}]},{"@type":"WebSite","@id":"https:\/\/agro-millo.hr\/#website","url":"https:\/\/agro-millo.hr\/","name":"Agro Millo","description":"Extra Virgin Olive Oil","publisher":{"@id":"https:\/\/agro-millo.hr\/#organization"},"potentialAction":[{"@type":"SearchAction","target":{"@type":"EntryPoint","urlTemplate":"https:\/\/agro-millo.hr\/?s={search_term_string}"},"query-input":{"@type":"PropertyValueSpecification","valueRequired":true,"valueName":"search_term_string"}}],"inLanguage":"de"},{"@type":"Organization","@id":"https:\/\/agro-millo.hr\/#organization","name":"Agro Millo","url":"https:\/\/agro-millo.hr\/","logo":{"@type":"ImageObject","inLanguage":"de","@id":"https:\/\/agro-millo.hr\/#\/schema\/logo\/image\/","url":"https:\/\/agro-millo.hr\/wp-content\/uploads\/2022\/05\/AG-LOGO-W-300-1.png","contentUrl":"https:\/\/agro-millo.hr\/wp-content\/uploads\/2022\/05\/AG-LOGO-W-300-1.png","width":300,"height":300,"caption":"Agro Millo"},"image":{"@id":"https:\/\/agro-millo.hr\/#\/schema\/logo\/image\/"},"sameAs":["https:\/\/www.facebook.com\/agromillo\/","https:\/\/x.com\/agromillo","https:\/\/www.instagram.com\/agromillo\/?hl=en"]}]}},"_links":{"self":[{"href":"https:\/\/agro-millo.hr\/de\/wp-json\/wp\/v2\/pages\/3023","targetHints":{"allow":["GET"]}}],"collection":[{"href":"https:\/\/agro-millo.hr\/de\/wp-json\/wp\/v2\/pages"}],"about":[{"href":"https:\/\/agro-millo.hr\/de\/wp-json\/wp\/v2\/types\/page"}],"author":[{"embeddable":true,"href":"https:\/\/agro-millo.hr\/de\/wp-json\/wp\/v2\/users\/1"}],"replies":[{"embeddable":true,"href":"https:\/\/agro-millo.hr\/de\/wp-json\/wp\/v2\/comments?post=3023"}],"version-history":[{"count":3,"href":"https:\/\/agro-millo.hr\/de\/wp-json\/wp\/v2\/pages\/3023\/revisions"}],"predecessor-version":[{"id":3215,"href":"https:\/\/agro-millo.hr\/de\/wp-json\/wp\/v2\/pages\/3023\/revisions\/3215"}],"wp:attachment":[{"href":"https:\/\/agro-millo.hr\/de\/wp-json\/wp\/v2\/media?parent=3023"}],"curies":[{"name":"wp","href":"https:\/\/api.w.org\/{rel}","templated":true}]}}